{"id":297,"date":"2019-02-23T21:12:35","date_gmt":"2019-02-23T20:12:35","guid":{"rendered":"http:\/\/www.samoizbor.me\/css\/?page_id=297"},"modified":"2019-04-04T12:45:14","modified_gmt":"2019-04-04T10:45:14","slug":"2006-2","status":"publish","type":"page","link":"https:\/\/www.sual-archives.net\/css\/sual-archives\/2006-2\/","title":{"rendered":"2006"},"content":{"rendered":"\t\t<div data-elementor-type=\"wp-post\" data-elementor-id=\"297\" class=\"elementor elementor-297\" data-elementor-post-type=\"page\">\n\t\t\t\t\t\t<section class=\"elementor-section elementor-top-section elementor-element elementor-element-54bf327 elementor-section-boxed elementor-section-height-default elementor-section-height-default\" data-id=\"54bf327\" data-element_type=\"section\">\n\t\t\t\t\t\t<div class=\"elementor-container elementor-column-gap-default\">\n\t\t\t\t\t<div class=\"elementor-column elementor-col-33 elementor-top-column elementor-element elementor-element-ded3881\" data-id=\"ded3881\" data-element_type=\"column\">\n\t\t\t<div class=\"elementor-widget-wrap elementor-element-populated\">\n\t\t\t\t\t\t<div class=\"elementor-element elementor-element-3739dcc elementor-widget elementor-widget-text-editor\" data-id=\"3739dcc\" data-element_type=\"widget\" data-widget_type=\"text-editor.default\">\n\t\t\t\t<div class=\"elementor-widget-container\">\n\t\t\t\t\t\t\t\t\t<p><span style=\"font-size: 18pt;\"><strong>shut up and listen! 2006<\/strong><\/span><strong><span style=\"font-size: 12pt;\"><br \/><\/span><\/strong><\/p><p><strong><span style=\"font-size: 12pt;\">H\u00f6rspiel \u2014 Klangkunst \u2014 Akusmatische Musik<\/span><\/strong><\/p><p><u><span style=\"font-size: 10pt;\">Friday, May 5, 2006<\/span><\/u><span style=\"font-size: 10pt;\"><b><br \/><\/b><\/span><\/p><div><span style=\"font-size: 10pt;\"><b><a href=\"http:\/\/www.sual-archives.net\/css\/sual-archives\/2006-2\/ulrich-troyer\/\" rel=\"noopener\">Ulrich Troyer<\/a>: <\/b><i>Sehen mit Ohren<\/i> \u2014 live audio play<\/span><span style=\"font-size: 10pt;\"><b><br \/><\/b><\/span><\/div><div><span style=\"font-size: 10pt;\"><b><a href=\"http:\/\/www.sual-archives.net\/css\/sual-archives\/2006-2\/wiener-gerauschorchester\/\" rel=\"noopener\">Wiener Ger\u00e4uschorchester<\/a>: <\/b><i>Der Bauch<\/i> \u2014 live radio play<\/span> \u00a0<\/div><p><span style=\"font-size: 10pt;\">(live broadcast on Orange 94.0, Vienna)<\/span><\/p><p><u><span style=\"font-size: 10pt;\">Saturday, May 6, 2006<\/span><\/u><\/p><p><span style=\"font-size: 10pt;\"><b><a href=\"http:\/\/www.sual-archives.net\/css\/sual-archives\/2006-2\/proyecto-itinerante\/\" rel=\"noopener\">Proyecto Itinerante<\/a><\/b> \u2014 acousmatic music <\/span><span style=\"font-size: 10pt;\">featuring works by<b> <a href=\"http:\/\/www.sual-archives.net\/css\/kyong-mee-choi\/\" rel=\"noopener\">Kyong Mee Choi<\/a> | <a href=\"http:\/\/www.sual-archives.net\/css\/sual-archives\/2006-2\/matias-giuliani-ortiz\/\" rel=\"noopener\">Matias Giuliani Ortiz<\/a> | <a href=\"http:\/\/www.sual-archives.net\/css\/sual-archives\/2006-2\/adolfo-kaplan\/\" rel=\"noopener\">Adolfo Kaplan<\/a> | <a href=\"http:\/\/www.sual-archives.net\/css\/sual-archives\/2006-2\/apostolos-loufopoulos\/\" rel=\"noopener\">Apostolos Loufopoulos<\/a><\/b><\/span><\/p><p><span style=\"font-size: 10pt;\"><b><a href=\"http:\/\/www.sual-archives.net\/css\/sual-archives\/2006-2\/jurgen-berlakovich\/\" rel=\"noopener\">J\u00fcrgen Berlakovich:<\/a><\/b> <i>instrumentum vocale<\/i> \u2014 reading and sound performance<\/span><\/p><p><u><span style=\"font-size: 10pt;\">Sunday, May 7, 2006<\/span><\/u><\/p><p><span style=\"font-size: 10pt;\">Pr\u00e4sentationsm\u00f6glichkeiten unsichtbarer Kl\u00e4nge \u2014 panel discussion featuring <b><a href=\"http:\/\/www.sual-archives.net\/css\/sual-archives\/2006-2\/kai-fagaschinski-bernhard-gal\/\" rel=\"noopener\">Bernhard G\u00e1l<\/a> | <a href=\"http:\/\/www.sual-archives.net\/css\/sual-archives\/2006-2\/igor-lintz-maues\/\" rel=\"noopener\">Igor Lintz Mau\u00e9s<\/a> | <a href=\"http:\/\/www.sual-archives.net\/css\/sual-archives\/2006-2\/mina-lunzer-brem\/\" rel=\"noopener\">Mina Lunzer<\/a> | <a href=\"http:\/\/www.sual-archives.net\/css\/sual-archives\/2006-2\/antje-vowinckel\/\" rel=\"noopener\">Antje Vowinckel<\/a><\/b><\/span> <span style=\"font-size: 10pt;\"><span style=\"font-size: 10pt;\"><b>|<\/b><\/span><\/span><span style=\"font-size: 10pt;\"> Host: <b>Ernst Reitermaier<\/b><\/span><\/p><div><span style=\"font-size: 10pt;\"><b><a href=\"http:\/\/www.sual-archives.net\/css\/sual-archives\/2006-2\/igor-lintz-maues\/\" rel=\"noopener\">Igor Lintz-Mau\u00e9s<\/a>:<\/b> <i>Sieben <\/i>\u2014 acousmatic music<\/span><span style=\"font-size: 10pt;\"><b><br \/><\/b><\/span><\/div><div><span style=\"font-size: 10pt;\"><b><a href=\"http:\/\/www.sual-archives.net\/css\/sual-archives\/2006-2\/mina-lunzer-brem\/\" rel=\"noopener\">Mina Lunzer:<\/a><\/b> <i>Form einer Frage<\/i> \u2014 audio play<\/span><\/div><p><span style=\"font-size: 10pt;\"><b><a href=\"http:\/\/www.sual-archives.net\/css\/sual-archives\/2006-2\/antje-vowinckel\/\" rel=\"noopener\">Antje Vowinckel<\/a>:<\/b> <i>Call me yesterday<\/i> \u2014 audio play<\/span><br \/><span style=\"font-size: 10pt;\"><span style=\"font-size: 10pt;\"><b><a href=\"http:\/\/www.sual-archives.net\/css\/sual-archives\/2006-2\/kai-fagaschinski-bernhard-gal\/\" rel=\"noopener\">Bernhard G\u00e1l &amp; Kai Fagaschinski:<\/a><\/b> <i>Zwischen den Seen<\/i> \u2014 audio play concert<\/span><\/span><\/p><p><u><span style=\"font-size: 10pt;\">May 5-7, 2006<\/span><\/u><\/p><p><span style=\"font-size: 10pt;\"><b><a href=\"http:\/\/www.sual-archives.net\/css\/sual-archives\/2006-2\/noid\/\" rel=\"noopener\">noid<\/a>:<\/b> <i>Die Selbstschenkerin<\/i> \u2014 interactive sound installation<\/span><\/p>\t\t\t\t\t\t\t\t<\/div>\n\t\t\t\t<\/div>\n\t\t\t\t\t<\/div>\n\t\t<\/div>\n\t\t\t\t<div class=\"elementor-column elementor-col-66 elementor-top-column elementor-element elementor-element-258e9cb\" data-id=\"258e9cb\" data-element_type=\"column\">\n\t\t\t<div class=\"elementor-widget-wrap elementor-element-populated\">\n\t\t\t\t\t\t<div class=\"elementor-element elementor-element-7ff8e67 elementor-widget elementor-widget-text-editor\" data-id=\"7ff8e67\" data-element_type=\"widget\" data-widget_type=\"text-editor.default\">\n\t\t\t\t<div class=\"elementor-widget-container\">\n\t\t\t\t\t\t\t\t\t<div>May 5-7, 2006 | <b>dietheater Konzerthaus<\/b><\/div><div>\u00a0<\/div><div>Radio play directors who improvise, poets who compose, composers who recite, architects who explore sound, instrumentalists who programme \u2013 the newly founded festival <em>shut up and listen!<\/em> shifts certain areas of current sound-related art from the fringes to the limelight. In 2006, the focus of the festival is on audio plays, sound art and acousmatic music, three genres with a lot in common. Current works show that not only are the borders between genres blurred, but there is a young generation of artists which has easily, almost playfully, mastered not only one but many of them. With that in mind, <em>shut up and listen!<\/em> presents three evenings of current Austrian and international positions as well as a panel discussion in which participating artists will address possibilities of sound-only presentations. Besides being broadcast on Radio Orange 94.0 and Radio \u00d61<em>,<\/em> the festival\u2019s media cooperation with <em>radia<\/em>, an international network of independent radio stations, ensures that <em>shut up and listen!<\/em> will reach an international audience.<\/div><div>\u00a0<\/div><div>In his surround-sound audio play <em>Sehen mit Ohren<\/em> the architect and musician Ulrich Troyer explores the auditory everyday-life situation of blind people. The <em>Wiener Ger\u00e4uschorchester<\/em> performs the live audio play <em>Der Bauch<\/em> (broadcast live on Radio Orange 94.0). With <em>Proyecto Itinerante<\/em> (initiated in Argentina and Chile) a selection of electroacoustic and acousmatic works that has toured thus far in Athens, Berlin, Buenos Aires, London, Paris, Santiago de Chile and Valpara\u00edso can be heard for the first time in Vienna. This \u201ctraveling music project\u201d will also be featured on May 5, 2006, on <em>Zeit-Ton <\/em>(Radio ORF-\u00d61). In <em>instrumentum vocale<\/em> the writer and musician J\u00fcrgen Berlakovich performs 5 figures in text and sound. The lineup on day three includes the acousmatic composition <em>Sieben<\/em> by Igor Lintz-Mau\u00e9s; <em>Form einer Frage,<\/em> Martina Lunzer Brem\u2019s audio play that uses sound material based on direct quotes<em>;<\/em> and Antje Vowinckel\u2019s audio play<em> Call me yesterday<\/em>, which won a prize at the Festival <em>Donaueschinger Musiktage<\/em>. Bernhard G\u00e1l &amp; Kai Fagaschinski present <em>Zwischen den Seen<\/em>, an \u201caudio play concert\u201d based on sound recordings from a trip to Buckow in Brandenburg. During the festival, visitors can experience the interactive sound installation <em>Die Selbstschenkerin <\/em>by the sound artist noid (aka Arnold Haberl).<\/div><div>\u00a0<\/div><p>Having said all that, let\u2019s<em> shut up and listen!<\/em><\/p>\t\t\t\t\t\t\t\t<\/div>\n\t\t\t\t<\/div>\n\t\t\t\t\t<\/div>\n\t\t<\/div>\n\t\t\t\t\t<\/div>\n\t\t<\/section>\n\t\t\t\t<\/div>\n\t\t","protected":false},"excerpt":{"rendered":"<p>shut up and listen! 2006 H\u00f6rspiel \u2014 Klangkunst \u2014 Akusmatische Musik Friday, May 5, 2006 Ulrich Troyer: Sehen mit Ohren &hellip; <span class=\"more-button\"><a href=\"https:\/\/www.sual-archives.net\/css\/sual-archives\/2006-2\/\" class=\"more-link\">Continue Reading<span class=\"screen-reader-text\">2006<\/span><\/a><\/span><\/p>\n","protected":false},"author":1,"featured_media":2023,"parent":96,"menu_order":0,"comment_status":"closed","ping_status":"closed","template":"","meta":{"footnotes":""},"folder":[],"class_list":["post-297","page","type-page","status-publish","has-post-thumbnail","hentry"],"amp_enabled":true,"_links":{"self":[{"href":"https:\/\/www.sual-archives.net\/css\/wp-json\/wp\/v2\/pages\/297","targetHints":{"allow":["GET"]}}],"collection":[{"href":"https:\/\/www.sual-archives.net\/css\/wp-json\/wp\/v2\/pages"}],"about":[{"href":"https:\/\/www.sual-archives.net\/css\/wp-json\/wp\/v2\/types\/page"}],"author":[{"embeddable":true,"href":"https:\/\/www.sual-archives.net\/css\/wp-json\/wp\/v2\/users\/1"}],"replies":[{"embeddable":true,"href":"https:\/\/www.sual-archives.net\/css\/wp-json\/wp\/v2\/comments?post=297"}],"version-history":[{"count":41,"href":"https:\/\/www.sual-archives.net\/css\/wp-json\/wp\/v2\/pages\/297\/revisions"}],"predecessor-version":[{"id":1970,"href":"https:\/\/www.sual-archives.net\/css\/wp-json\/wp\/v2\/pages\/297\/revisions\/1970"}],"up":[{"embeddable":true,"href":"https:\/\/www.sual-archives.net\/css\/wp-json\/wp\/v2\/pages\/96"}],"wp:featuredmedia":[{"embeddable":true,"href":"https:\/\/www.sual-archives.net\/css\/wp-json\/wp\/v2\/media\/2023"}],"wp:attachment":[{"href":"https:\/\/www.sual-archives.net\/css\/wp-json\/wp\/v2\/media?parent=297"}],"wp:term":[{"taxonomy":"folder","embeddable":true,"href":"https:\/\/www.sual-archives.net\/css\/wp-json\/wp\/v2\/folder?post=297"}],"curies":[{"name":"wp","href":"https:\/\/api.w.org\/{rel}","templated":true}]}}