{"id":1578,"date":"2019-03-30T12:48:55","date_gmt":"2019-03-30T11:48:55","guid":{"rendered":"http:\/\/www.samoizbor.me\/css\/?page_id=1578"},"modified":"2019-04-05T17:51:18","modified_gmt":"2019-04-05T15:51:18","slug":"matija-schellander-2","status":"publish","type":"page","link":"https:\/\/www.sual-archives.net\/css\/sual-archives\/2018-2\/matija-schellander-2\/","title":{"rendered":"Matija Schellander"},"content":{"rendered":"\t\t<div data-elementor-type=\"wp-post\" data-elementor-id=\"1578\" class=\"elementor elementor-1578\" data-elementor-post-type=\"page\">\n\t\t\t\t\t\t<section class=\"elementor-section elementor-top-section elementor-element elementor-element-d820dcc elementor-section-boxed elementor-section-height-default elementor-section-height-default\" data-id=\"d820dcc\" data-element_type=\"section\">\n\t\t\t\t\t\t<div class=\"elementor-container elementor-column-gap-default\">\n\t\t\t\t\t<div class=\"elementor-column elementor-col-100 elementor-top-column elementor-element elementor-element-9d4be64\" data-id=\"9d4be64\" data-element_type=\"column\">\n\t\t\t<div class=\"elementor-widget-wrap elementor-element-populated\">\n\t\t\t\t\t\t<div class=\"elementor-element elementor-element-9ab2455 elementor-widget elementor-widget-text-editor\" data-id=\"9ab2455\" data-element_type=\"widget\" data-widget_type=\"text-editor.default\">\n\t\t\t\t<div class=\"elementor-widget-container\">\n\t\t\t\t\t\t\t\t\t<p><b>SUAL Archives | 2018<\/b><\/p><p><b>Matija Schellander:<\/b> <i>The Drill<\/i> for double bass and white noise<\/p><p><span style=\"font-size: 10pt;\">Duration: \u00a0\u00a0 \u00a012\u201822\u201c<\/span><br \/><span style=\"font-size: 10pt;\">Type:\u00a0\u00a0 \u00a0\u00a0\u00a0 \u00a0\u00a0\u00a0\u00a0\u00a0 Recorded live at SUAL 2018<\/span><br \/><span style=\"font-size: 10pt;\">Credits:\u00a0\u00a0 \u00a0\u00a0\u00a0\u00a0 Audio recording and editing by AH<\/span><br \/><span style=\"font-size: 10pt;\">Notes:\u00a0\u00a0 \u00a0\u00a0\u00a0 \u00a0\u00a0 Additionally presented as part of the exhibition #Sonderfall 0,5<\/span><\/p>\t\t\t\t\t\t\t\t<\/div>\n\t\t\t\t<\/div>\n\t\t\t\t\t<\/div>\n\t\t<\/div>\n\t\t\t\t\t<\/div>\n\t\t<\/section>\n\t\t\t\t<section class=\"elementor-section elementor-top-section elementor-element elementor-element-4d7f30f elementor-section-boxed elementor-section-height-default elementor-section-height-default\" data-id=\"4d7f30f\" data-element_type=\"section\">\n\t\t\t\t\t\t<div class=\"elementor-container elementor-column-gap-default\">\n\t\t\t\t\t<div class=\"elementor-column elementor-col-50 elementor-top-column elementor-element elementor-element-511f575\" data-id=\"511f575\" data-element_type=\"column\">\n\t\t\t<div class=\"elementor-widget-wrap elementor-element-populated\">\n\t\t\t\t\t\t<div class=\"elementor-element elementor-element-307c5d2 elementor-widget elementor-widget-text-editor\" data-id=\"307c5d2\" data-element_type=\"widget\" data-widget_type=\"text-editor.default\">\n\t\t\t\t<div class=\"elementor-widget-container\">\n\t\t\t\t\t\t\t\t\t<p><div class=\"wonderpluginaudio\" id=\"wonderpluginaudio-109\" data-audioplayerid=\"109\" data-width=\"600\" data-height=\"600\" data-skin=\"bartitle\" data-progressinbar=\"true\" data-showinfo=\"false\" data-showimage=\"false\" data-autoplay=\"false\" data-random=\"false\" data-autoresize=\"true\" data-responsive=\"false\" data-showtracklist=\"false\" data-tracklistscroll=\"true\" data-showprogress=\"true\" data-showprevnext=\"true\" data-showloop=\"true\" data-preloadaudio=\"true\" data-showtracklistsearch=\"false\" data-saveposincookie=\"false\" data-showtime=\"true\" data-showvolume=\"true\" data-showvolumebar=\"true\" data-showliveplayedlist=\"false\" data-showtitleinbar=\"true\" data-showloading=\"false\" data-enablega=\"false\" data-titleinbarscroll=\"true\" data-donotinit=\"false\" data-addinitscript=\"false\" data-imagewidth=\"100\" data-imageheight=\"100\" data-loop=\"1\" data-tracklistitem=\"10\" data-titleinbarwidth=\"150\" data-gatrackingid=\"\" data-playbackrate=\"1\" data-playpauseimage=\"playpause-24-24-0.png\" data-playpauseimagewidth=\"24\" data-playpauseimageheight=\"24\" data-cookiehours=\"240\" data-prevnextimage=\"prevnext-24-24-0.png\" data-prevnextimagewidth=\"24\" data-prevnextimageheight=\"24\" data-volumeimage=\"volume-24-24-0.png\" data-volumeimagewidth=\"24\" data-volumeimageheight=\"24\" data-liveupdateinterval=\"10000\" data-maxplayedlist=\"8\" data-playedlisttitle=\"Last Tracks Played\" data-loopimage=\"loop-24-24-0.png\" data-loopimagewidth=\"24\" data-loopimageheight=\"24\" data-infoformat=\"By %ARTIST% %ALBUM%&lt;br \/&gt;%INFO%\" data-tracklistscroll=\"false\" data-jsfolder=\"https:\/\/www.sual-archives.net\/css\/wp-content\/plugins\/wonderplugin-audio\/engine\/\" style=\"display:block;position:relative;margin:0 auto;width:100%;max-width:600px;height:auto;\"><ul class=\"amazingaudioplayer-audios\" style=\"display:none;\"><li data-artist=\"Matija Schellander\" data-title=\"SUAL18 | Matija Schellander: The Drill\" data-album=\"SUAL18\" data-info=\"SUAL18 | Matija Schellander: The Drill\" data-image=\"http:\/\/www.samoizbor.me\/css\/wp-includes\/images\/media\/audio.png\" data-duration=\"743\"><div class=\"amazingaudioplayer-source\" data-src=\"http:\/\/www.sual-archives.net\/css\/wp-content\/uploads\/awp-mp3\/sual18_schellander_the drill.mp3\" data-type=\"audio\/mpeg\" ><\/div><\/li><\/ul><\/div><script>function wonderaudio_109_appendcss(csscode) {var head=document.head || document.getElementsByTagName(\"head\")[0];var style=document.createElement(\"style\");head.appendChild(style);style.type=\"text\/css\";if (style.styleSheet){style.styleSheet.cssText=csscode;} else {style.appendChild(document.createTextNode(csscode));}};wonderaudio_109_appendcss(\"@import url(https:\/\/fonts.googleapis.com\/css?family=Open+Sans|Oswald);  #wonderpluginaudio-109 { \tbox-sizing: content-box; }  #wonderpluginaudio-109 div { \t-webkit-box-sizing: content-box; \t-moz-box-sizing: content-box; \tbox-sizing: content-box;    }  #wonderpluginaudio-109 .amazingaudioplayer-image { \tdisplay: block; \tposition: relative; \tfloat: left; \tmargin: 4px; \toverflow: hidden; \t-webkit-box-shadow: 0 8px 6px -6px black; \t-moz-box-shadow: 0 8px 6px -6px black; \tbox-shadow: 0 8px 6px -6px black; \t-webkit-border-radius: 4px;     \t-moz-border-radius: 4px;     \tborder-radius: 4px; }  #wonderpluginaudio-109 .amazingaudioplayer-image-clear { }  #wonderpluginaudio-109 .amazingaudioplayer-text { \tdisplay: block; \tposition: relative; \toverflow: hidden; \tpadding: 4px 12px; \theight: auto; }  #wonderpluginaudio-109 .amazingaudioplayer-text-clear { \tclear: both; \theight: 8px; }  #wonderpluginaudio-109 .amazingaudioplayer-title { \tdisplay: block; \tcolor: #333; \tfont-family: \\\"Oswald\\\",Arial,sans-serif; \tfont-size: 20px; \tfont-weight: bold; }  #wonderpluginaudio-109 .amazingaudioplayer-title-clear { }  #wonderpluginaudio-109 .amazingaudioplayer-info { \tdisplay: block; \tdisplay: block; \tcolor: #666; \tfont-family: Arial, sans-serif; \tfont-size: 12px; \tfont-style: italic; }  #wonderpluginaudio-109 .amazingaudioplayer-info-clear { }  #wonderpluginaudio-109 .amazingaudioplayer-bar { \tbackground-color: #333; \tmargin: 4px; \tborder: 1px solid #222; \t-webkit-border-radius: 2px; \t-moz-border-radius: 2px; \tborder-radius: 2px; \t-webkit-box-shadow: inset 0 1px 0 rgba( 255, 255, 255, 0.15 ), 0 0 3px rgba( 0, 0, 0, 0.5 ); \t-moz-box-shadow: inset 0 1px 0 rgba( 255, 255, 255, 0.15 ), 0 0 3px rgba( 0, 0, 0, 0.5 ); \tbox-shadow: inset 0 1px 0 rgba( 255, 255, 255, 0.15 ), 0 0 3px rgba( 0, 0, 0, 0.5 ); \tbackground-image: -ms-linear-gradient(top, #444444 0%, #222222 100%); \tbackground-image: -moz-linear-gradient(top, #444444 0%, #222222 100%); \tbackground-image: -o-linear-gradient(top, #444444 0%, #222222 100%); \tbackground-image: -webkit-gradient(linear, left top, left bottom, color-stop(0, #444444), color-stop(1, #222222)); \tbackground-image: -webkit-linear-gradient(top, #444444 0%, #222222 100%);  \tbackground-image: linear-gradient(to bottom, #444444 0%, #222222 100%); }  #wonderpluginaudio-109 .amazingaudioplayer-bar-buttons-clear { \tclear: both; }  #wonderpluginaudio-109 .amazingaudioplayer-bar-clear { }  #wonderpluginaudio-109 .amazingaudioplayer-bar-title { \tposition: relative; \tfloat: left; \tcolor: #eee; \tfont-family: \\\"Open Sans\\\", sans-serif; \tfont-size: 12px; \tline-height: 24px; \tmargin: 0 8px; }  #wonderpluginaudio-109 .amazingaudioplayer-playpause { \tposition: relative; \tfloat: left; }  #wonderpluginaudio-109 .amazingaudioplayer-play { \tposition: relative; }  #wonderpluginaudio-109 .amazingaudioplayer-pause { \tposition: relative; }  #wonderpluginaudio-109 .amazingaudioplayer-stop { \tposition: relative; \tfloat: left; }  #wonderpluginaudio-109 .amazingaudioplayer-prev { \tposition: relative; \tfloat: left; }  #wonderpluginaudio-109 .amazingaudioplayer-next { \tposition: relative; \tfloat: left; }  #wonderpluginaudio-109 .amazingaudioplayer-loop { \tposition: relative; \tfloat: left; \tmargin: 0 2px; }  #wonderpluginaudio-109 .amazingaudioplayer-progress { \tposition: relative; \tbackground-color: #222; \t-webkit-box-shadow: -1px -1px 0 rgba( 0, 0, 0, 0.5 ), 1px 1px 0 rgba( 255, 255, 255, 0.1 ); \t-moz-box-shadow: -1px -1px 0 rgba( 0, 0, 0, 0.5 ), 1px 1px 0 rgba( 255, 255, 255, 0.1 ); \tbox-shadow: -1px -1px 0 rgba( 0, 0, 0, 0.5 ), 1px 1px 0 rgba( 255, 255, 255, 0.1 ); \tmargin: 8px 4px; \t-webkit-border-radius: 4px; \t-moz-border-radius: 4px; \tborder-radius: 4px; }  #wonderpluginaudio-109 .amazingaudioplayer-progress-loaded { \tbackground-color: #444; \t-webkit-border-radius: 4px; \t-moz-border-radius: 4px; \tborder-radius: 4px; }  #wonderpluginaudio-109 .amazingaudioplayer-progress-played { \t-webkit-border-radius: 4px; \t-moz-border-radius: 4px; \tborder-radius: 4px; \tbackground-color: #fcc500; \tbackground-image: -ms-linear-gradient(top, #fede00 0%, #fcc500 100%); \tbackground-image: -moz-linear-gradient(top, #fede00 0%, #fcc500 100%); \tbackground-image: -o-linear-gradient(top, #fede00 0%, #fcc500 100%); \tbackground-image: -webkit-gradient(linear, left top, left bottom, color-stop(0, #fede00), color-stop(1, #fcc500)); \tbackground-image: -webkit-linear-gradient(top, #fede00 0%, #fcc500 100%);  \tbackground-image: linear-gradient(to bottom, #fede00 0%, #fcc500 100%); }  #wonderpluginaudio-109 .amazingaudioplayer-time { \tposition: relative; \tfloat: right; \tcolor: #fff; \tfont-family: \\\"Open Sans\\\", sans-serif; \tfont-size: 12px; \ttext-shadow: 1px 1px 0 #000; \tline-height: 24px; \tmargin: 0 4px; }  #wonderpluginaudio-109 .amazingaudioplayer-volume { \tposition: relative; \tfloat: right; }  #wonderpluginaudio-109 .amazingaudioplayer-volume-bar { \tbackground-color: #333; \tborder: none; \t-webkit-border-radius: 4px; \t-moz-border-radius: 4px; \tborder-radius: 4px; \t-webkit-box-shadow: inset 0 1px 0 rgba( 255, 255, 255, 0.15 ), 0 0 3px rgba( 0, 0, 0, 0.5 ); \t-moz-box-shadow: inset 0 1px 0 rgba( 255, 255, 255, 0.15 ), 0 0 3px rgba( 0, 0, 0, 0.5 ); \tbox-shadow: inset 0 1px 0 rgba( 255, 255, 255, 0.15 ), 0 0 3px rgba( 0, 0, 0, 0.5 ); \tbackground-image: -ms-linear-gradient(top, #444444 0%, #111111 100%); \tbackground-image: -moz-linear-gradient(top, #444444 0%, #111111 100%); \tbackground-image: -o-linear-gradient(top, #444444 0%, #111111 100%); \tbackground-image: -webkit-gradient(linear, left top, left bottom, color-stop(0, #444444), color-stop(1, #111111)); \tbackground-image: -webkit-linear-gradient(top, #444444 0%, #111111 100%); \tbackground-image: linear-gradient(to bottom, #444444 0%, #111111 100%); }  #wonderpluginaudio-109 .amazingaudioplayer-volume-bar-adjust { \tbackground-color: #222; \t-webkit-box-shadow: -1px -1px 0 rgba( 0, 0, 0, 0.5 ), 1px 1px 0 rgba( 255, 255, 255, 0.1 ); \t-moz-box-shadow: -1px -1px 0 rgba( 0, 0, 0, 0.5 ), 1px 1px 0 rgba( 255, 255, 255, 0.1 ); \tbox-shadow: -1px -1px 0 rgba( 0, 0, 0, 0.5 ), 1px 1px 0 rgba( 255, 255, 255, 0.1 ); }  #wonderpluginaudio-109 .amazingaudioplayer-volume-bar-adjust-active { \tbackground-color: #fcc500; \t-webkit-box-shadow: inset 0 0 5px rgba( 255, 255, 255, 0.5 ); \t-moz-box-shadow: inset 0 0 5px rgba( 255, 255, 255, 0.5 ); \tbox-shadow: inset 0 0 5px rgba( 255, 255, 255, 0.5 ); }  #wonderpluginaudio-109 .amazingaudioplayer-tracklist { \tdisplay: block; \tposition: relative; }  #wonderpluginaudio-109 .amazingaudioplayer-tracklist-container { \tdisplay: block; \tposition: relative; \tbackground-color: #333; \tborder: 1px solid #222; \t-webkit-border-radius: 2px;     -moz-border-radius: 2px;     border-radius: 2px; \tmargin: 4px; \tpadding: 12px 12px 16px; \t-webkit-box-shadow: inset 0 1px 0 rgba( 255, 255, 255, 0.15 ), 0 0 3px rgba( 0, 0, 0, 0.5 ); \t-moz-box-shadow: inset 0 1px 0 rgba( 255, 255, 255, 0.15 ), 0 0 3px rgba( 0, 0, 0, 0.5 ); \tbox-shadow: inset 0 1px 0 rgba( 255, 255, 255, 0.15 ), 0 0 3px rgba( 0, 0, 0, 0.5 ); \tbackground-image: -ms-linear-gradient(top, #444444 0%, #111111 100%); \tbackground-image: -moz-linear-gradient(top, #444444 0%, #111111 100%); \tbackground-image: -o-linear-gradient(top, #444444 0%, #111111 100%); \tbackground-image: -webkit-gradient(linear, left top, left bottom, color-stop(0, #444444), color-stop(1, #111111)); \tbackground-image: -webkit-linear-gradient(top, #444444 0%, #111111 100%); \tbackground-image: linear-gradient(to bottom, #444444 0%, #111111 100%); }  #wonderpluginaudio-109 .amazingaudioplayer-tracks-wrapper { \tposition: relative; }  #wonderpluginaudio-109 .amazingaudioplayer-tracks { \tposition: relative; \tlist-style-type: none; \tmargin: 0; \tpadding: 0; }  #wonderpluginaudio-109 .amazingaudioplayer-track-item { \tlist-style-type: none; \tposition: relative; \tcursor: pointer; \tcolor: #999; \tfont-family: \\\"Open Sans\\\", Arial, sans-serif; \tfont-size: 12px; \ttext-shadow: 0 1px 1px rgba(0, 0, 0, 0.6); \tline-height: 22px; \tmargin: 0; \tpadding: 0; \ttext-align: left; }  #wonderpluginaudio-109 .amazingaudioplayer-track-item-active { \tcursor: pointer; \tcolor: #fff; }  #wonderpluginaudio-109 .amazingaudioplayer-track-item a { \tcolor: #999;     text-decoration: none; }  #wonderpluginaudio-109 .amazingaudioplayer-track-item-active a { \tcolor: #fff;     text-decoration: none; }  #wonderpluginaudio-109 .amazingaudioplayer-track-item-duration { \tposition: absolute; \ttop: 0; \tright: 0; }  #wonderpluginaudio-109 .amazingaudioplayer-tracklist-arrow-prev { \tposition: absolute; \tbottom: 2px; \tleft: 50%; \tmargin-left: -64px; }  #wonderpluginaudio-109 .amazingaudioplayer-tracklist-arrow-next { \tposition: absolute; \tbottom: 2px; \tleft: 50%; \tmargin-left: 16px; }  #wonderpluginaudio-109 .amazingaudioplayer-tracklist-clear { \tclear: both; }  #wonderpluginaudio-109 .amazingaudioplayer-item-id { \tfloat: left; \twidth: 18px; }  #wonderpluginaudio-109 .amazingaudioplayer-item-info { \tfloat: right; \twidth: 36px; }  #wonderpluginaudio-109 .amazingaudioplayer-item-title { \toverflow: hidden; }  #wonderpluginaudio-109 .amazingaudioplayer-track-item:before, #wonderpluginaudio-109 .amazingaudioplayer-track-item:after { \tdisplay: none; }  #wonderpluginaudio-109 ul, #wonderpluginaudio-109 li { \tlist-style-type: none; }  #wonderpluginaudio-109 .amazingaudioplayer-tracklistsearch { \tbox-sizing: border-box; \tpadding: 4px; }  #wonderpluginaudio-109 .amazingaudioplayer-tracklistsearch-input { \tbox-sizing: border-box; \twidth: 100%; }\");<\/script><\/p>\t\t\t\t\t\t\t\t<\/div>\n\t\t\t\t<\/div>\n\t\t\t\t\t<\/div>\n\t\t<\/div>\n\t\t\t\t<div class=\"elementor-column elementor-col-50 elementor-top-column elementor-element elementor-element-6c521ea\" data-id=\"6c521ea\" data-element_type=\"column\">\n\t\t\t<div class=\"elementor-widget-wrap\">\n\t\t\t\t\t\t\t<\/div>\n\t\t<\/div>\n\t\t\t\t\t<\/div>\n\t\t<\/section>\n\t\t\t\t<section class=\"elementor-section elementor-top-section elementor-element elementor-element-d2c11c5 elementor-section-boxed elementor-section-height-default elementor-section-height-default\" data-id=\"d2c11c5\" data-element_type=\"section\">\n\t\t\t\t\t\t<div class=\"elementor-container elementor-column-gap-default\">\n\t\t\t\t\t<div class=\"elementor-column elementor-col-100 elementor-top-column elementor-element elementor-element-654f8ca\" data-id=\"654f8ca\" data-element_type=\"column\">\n\t\t\t<div class=\"elementor-widget-wrap elementor-element-populated\">\n\t\t\t\t\t\t<div class=\"elementor-element elementor-element-9152971 elementor-widget elementor-widget-text-editor\" data-id=\"9152971\" data-element_type=\"widget\" data-widget_type=\"text-editor.default\">\n\t\t\t\t<div class=\"elementor-widget-container\">\n\t\t\t\t\t\t\t\t\t<p><b><span style=\"font-size: 10pt;\">Matija Schellander<\/span><\/b><\/p><p><span style=\"font-size: 10pt;\">double bass, electronics, composition<\/span><br \/><span style=\"font-size: 10pt;\">\u00a0<\/span><br \/><span style=\"font-size: 10pt;\">*1981 in Ludmannsdorf-Bil\u010dovs (K\u00e4rnten, \u00d6sterreich). Lebt und arbeitet als Komponist, Kontrabassist und elektronischer Musiker seit 2000 in Wien. Arbeiten f\u00fcr Ensembles, Theater, zeitgen\u00f6ssischen Tanz, neue Musik f\u00fcr Stummfilme, Soundtracks f\u00fcr Spielfilme und Dokus. Auff\u00fchrungen und Tourneen in Europa, Nordamerika und Asien.<\/span><\/p><p><a href=\"http:\/\/matija.klingt.org\" target=\"_blank\" rel=\"noopener\"><strong><span style=\"font-size: 10pt;\">http:\/\/matija.klingt.org<\/span><\/strong><\/a><\/p><p><span style=\"font-size: 10pt;\">[info as of 12\/2018]<\/span><\/p>\t\t\t\t\t\t\t\t<\/div>\n\t\t\t\t<\/div>\n\t\t\t\t\t<\/div>\n\t\t<\/div>\n\t\t\t\t\t<\/div>\n\t\t<\/section>\n\t\t\t\t<\/div>\n\t\t","protected":false},"excerpt":{"rendered":"<p>SUAL Archives | 2018 Matija Schellander: The Drill for double bass and white noise Duration: &nbsp;&nbsp; &nbsp;12\u201822\u201c Type:&nbsp;&nbsp; &nbsp;&nbsp;&nbsp; &nbsp;&nbsp;&nbsp;&nbsp;&nbsp; &hellip; <span class=\"more-button\"><a href=\"https:\/\/www.sual-archives.net\/css\/sual-archives\/2018-2\/matija-schellander-2\/\" class=\"more-link\">Continue Reading<span class=\"screen-reader-text\">Matija Schellander<\/span><\/a><\/span><\/p>\n","protected":false},"author":1,"featured_media":2139,"parent":104,"menu_order":0,"comment_status":"closed","ping_status":"closed","template":"","meta":{"footnotes":""},"folder":[],"class_list":["post-1578","page","type-page","status-publish","has-post-thumbnail","hentry"],"amp_enabled":true,"_links":{"self":[{"href":"https:\/\/www.sual-archives.net\/css\/wp-json\/wp\/v2\/pages\/1578","targetHints":{"allow":["GET"]}}],"collection":[{"href":"https:\/\/www.sual-archives.net\/css\/wp-json\/wp\/v2\/pages"}],"about":[{"href":"https:\/\/www.sual-archives.net\/css\/wp-json\/wp\/v2\/types\/page"}],"author":[{"embeddable":true,"href":"https:\/\/www.sual-archives.net\/css\/wp-json\/wp\/v2\/users\/1"}],"replies":[{"embeddable":true,"href":"https:\/\/www.sual-archives.net\/css\/wp-json\/wp\/v2\/comments?post=1578"}],"version-history":[{"count":3,"href":"https:\/\/www.sual-archives.net\/css\/wp-json\/wp\/v2\/pages\/1578\/revisions"}],"predecessor-version":[{"id":2157,"href":"https:\/\/www.sual-archives.net\/css\/wp-json\/wp\/v2\/pages\/1578\/revisions\/2157"}],"up":[{"embeddable":true,"href":"https:\/\/www.sual-archives.net\/css\/wp-json\/wp\/v2\/pages\/104"}],"wp:featuredmedia":[{"embeddable":true,"href":"https:\/\/www.sual-archives.net\/css\/wp-json\/wp\/v2\/media\/2139"}],"wp:attachment":[{"href":"https:\/\/www.sual-archives.net\/css\/wp-json\/wp\/v2\/media?parent=1578"}],"wp:term":[{"taxonomy":"folder","embeddable":true,"href":"https:\/\/www.sual-archives.net\/css\/wp-json\/wp\/v2\/folder?post=1578"}],"curies":[{"name":"wp","href":"https:\/\/api.w.org\/{rel}","templated":true}]}}