{"id":1569,"date":"2019-03-30T12:36:59","date_gmt":"2019-03-30T11:36:59","guid":{"rendered":"http:\/\/www.samoizbor.me\/css\/?page_id=1569"},"modified":"2019-04-05T17:53:03","modified_gmt":"2019-04-05T15:53:03","slug":"schimana-noid","status":"publish","type":"page","link":"https:\/\/www.sual-archives.net\/css\/sual-archives\/2018-2\/schimana-noid\/","title":{"rendered":"Schimana\/noid"},"content":{"rendered":"\t\t<div data-elementor-type=\"wp-post\" data-elementor-id=\"1569\" class=\"elementor elementor-1569\" data-elementor-post-type=\"page\">\n\t\t\t\t\t\t<section class=\"elementor-section elementor-top-section elementor-element elementor-element-eff0195 elementor-section-boxed elementor-section-height-default elementor-section-height-default\" data-id=\"eff0195\" data-element_type=\"section\">\n\t\t\t\t\t\t<div class=\"elementor-container elementor-column-gap-default\">\n\t\t\t\t\t<div class=\"elementor-column elementor-col-100 elementor-top-column elementor-element elementor-element-84c8180\" data-id=\"84c8180\" data-element_type=\"column\">\n\t\t\t<div class=\"elementor-widget-wrap elementor-element-populated\">\n\t\t\t\t\t\t<div class=\"elementor-element elementor-element-677d831 elementor-widget elementor-widget-text-editor\" data-id=\"677d831\" data-element_type=\"widget\" data-widget_type=\"text-editor.default\">\n\t\t\t\t<div class=\"elementor-widget-container\">\n\t\t\t\t\t\t\t\t\t<p><b>SUAL Archives | 2018<\/b><\/p><p><b>Schimana\/noid<\/b>: <i>Hautk\u00f6rper<\/i><\/p><p><span style=\"font-size: 10pt;\">Duration: \u00a0\u00a0 \u00a0\u00a0 25\u201828\u201c<\/span><br \/><span style=\"font-size: 10pt;\">Featuring: \u00a0\u00a0 \u00a0Elisabeth Schimana, live model-generation | noid, violoncello\/transducer<\/span><br \/><span style=\"font-size: 10pt;\">Type:\u00a0\u00a0 \u00a0\u00a0\u00a0 \u00a0\u00a0\u00a0\u00a0\u00a0\u00a0 Recorded live at SUAL 2018<\/span><br \/><span style=\"font-size: 10pt;\">Credits:\u00a0\u00a0 \u00a0\u00a0\u00a0\u00a0\u00a0 Audio recording and editing by AH<\/span><\/p>\t\t\t\t\t\t\t\t<\/div>\n\t\t\t\t<\/div>\n\t\t\t\t\t<\/div>\n\t\t<\/div>\n\t\t\t\t\t<\/div>\n\t\t<\/section>\n\t\t\t\t<section class=\"elementor-section elementor-top-section elementor-element elementor-element-a627203 elementor-section-boxed elementor-section-height-default elementor-section-height-default\" data-id=\"a627203\" data-element_type=\"section\">\n\t\t\t\t\t\t<div class=\"elementor-container elementor-column-gap-default\">\n\t\t\t\t\t<div class=\"elementor-column elementor-col-50 elementor-top-column elementor-element elementor-element-3f71417\" data-id=\"3f71417\" data-element_type=\"column\">\n\t\t\t<div class=\"elementor-widget-wrap elementor-element-populated\">\n\t\t\t\t\t\t<div class=\"elementor-element elementor-element-6f9a543 elementor-widget elementor-widget-text-editor\" data-id=\"6f9a543\" data-element_type=\"widget\" data-widget_type=\"text-editor.default\">\n\t\t\t\t<div class=\"elementor-widget-container\">\n\t\t\t\t\t\t\t\t\t<p><div class=\"wonderpluginaudio\" id=\"wonderpluginaudio-107\" data-audioplayerid=\"107\" data-width=\"600\" data-height=\"600\" data-skin=\"bartitle\" data-progressinbar=\"true\" data-showinfo=\"false\" data-showimage=\"false\" data-autoplay=\"false\" data-random=\"false\" data-autoresize=\"true\" data-responsive=\"false\" data-showtracklist=\"false\" data-tracklistscroll=\"true\" data-showprogress=\"true\" data-showprevnext=\"true\" data-showloop=\"true\" data-preloadaudio=\"true\" data-showtracklistsearch=\"false\" data-saveposincookie=\"false\" data-showtime=\"true\" data-showvolume=\"true\" data-showvolumebar=\"true\" data-showliveplayedlist=\"false\" data-showtitleinbar=\"true\" data-showloading=\"false\" data-enablega=\"false\" data-titleinbarscroll=\"true\" data-donotinit=\"false\" data-addinitscript=\"false\" data-imagewidth=\"100\" data-imageheight=\"100\" data-loop=\"1\" data-tracklistitem=\"10\" data-titleinbarwidth=\"150\" data-gatrackingid=\"\" data-playbackrate=\"1\" data-playpauseimage=\"playpause-24-24-0.png\" data-playpauseimagewidth=\"24\" data-playpauseimageheight=\"24\" data-cookiehours=\"240\" data-prevnextimage=\"prevnext-24-24-0.png\" data-prevnextimagewidth=\"24\" data-prevnextimageheight=\"24\" data-volumeimage=\"volume-24-24-0.png\" data-volumeimagewidth=\"24\" data-volumeimageheight=\"24\" data-liveupdateinterval=\"10000\" data-maxplayedlist=\"8\" data-playedlisttitle=\"Last Tracks Played\" data-loopimage=\"loop-24-24-0.png\" data-loopimagewidth=\"24\" data-loopimageheight=\"24\" data-infoformat=\"By %ARTIST% %ALBUM%&lt;br \/&gt;%INFO%\" data-tracklistscroll=\"false\" data-jsfolder=\"https:\/\/www.sual-archives.net\/css\/wp-content\/plugins\/wonderplugin-audio\/engine\/\" style=\"display:block;position:relative;margin:0 auto;width:100%;max-width:600px;height:auto;\"><ul class=\"amazingaudioplayer-audios\" style=\"display:none;\"><li data-artist=\"Schimana\/noid\" data-title=\"SUAL18 | Schimana\/noid: Hautk\u00f6rper\" data-album=\"SUAL18\" data-info=\"SUAL18 | Schimana\/noid: Hautk\u00f6rper\" data-image=\"http:\/\/www.samoizbor.me\/css\/wp-includes\/images\/media\/audio.png\" data-duration=\"1528\"><div class=\"amazingaudioplayer-source\" data-src=\"http:\/\/www.sual-archives.net\/css\/wp-content\/uploads\/awp-mp3\/sual18_schimana &amp; noid_hautkoerper.mp3\" data-type=\"audio\/mpeg\" ><\/div><\/li><\/ul><\/div><script>function wonderaudio_107_appendcss(csscode) {var head=document.head || document.getElementsByTagName(\"head\")[0];var style=document.createElement(\"style\");head.appendChild(style);style.type=\"text\/css\";if (style.styleSheet){style.styleSheet.cssText=csscode;} else {style.appendChild(document.createTextNode(csscode));}};wonderaudio_107_appendcss(\"@import url(https:\/\/fonts.googleapis.com\/css?family=Open+Sans|Oswald);  #wonderpluginaudio-107 { \tbox-sizing: content-box; }  #wonderpluginaudio-107 div { \t-webkit-box-sizing: content-box; \t-moz-box-sizing: content-box; \tbox-sizing: content-box;    }  #wonderpluginaudio-107 .amazingaudioplayer-image { \tdisplay: block; \tposition: relative; \tfloat: left; \tmargin: 4px; \toverflow: hidden; \t-webkit-box-shadow: 0 8px 6px -6px black; \t-moz-box-shadow: 0 8px 6px -6px black; \tbox-shadow: 0 8px 6px -6px black; \t-webkit-border-radius: 4px;     \t-moz-border-radius: 4px;     \tborder-radius: 4px; }  #wonderpluginaudio-107 .amazingaudioplayer-image-clear { }  #wonderpluginaudio-107 .amazingaudioplayer-text { \tdisplay: block; \tposition: relative; \toverflow: hidden; \tpadding: 4px 12px; \theight: auto; }  #wonderpluginaudio-107 .amazingaudioplayer-text-clear { \tclear: both; \theight: 8px; }  #wonderpluginaudio-107 .amazingaudioplayer-title { \tdisplay: block; \tcolor: #333; \tfont-family: \\\"Oswald\\\",Arial,sans-serif; \tfont-size: 20px; \tfont-weight: bold; }  #wonderpluginaudio-107 .amazingaudioplayer-title-clear { }  #wonderpluginaudio-107 .amazingaudioplayer-info { \tdisplay: block; \tdisplay: block; \tcolor: #666; \tfont-family: Arial, sans-serif; \tfont-size: 12px; \tfont-style: italic; }  #wonderpluginaudio-107 .amazingaudioplayer-info-clear { }  #wonderpluginaudio-107 .amazingaudioplayer-bar { \tbackground-color: #333; \tmargin: 4px; \tborder: 1px solid #222; \t-webkit-border-radius: 2px; \t-moz-border-radius: 2px; \tborder-radius: 2px; \t-webkit-box-shadow: inset 0 1px 0 rgba( 255, 255, 255, 0.15 ), 0 0 3px rgba( 0, 0, 0, 0.5 ); \t-moz-box-shadow: inset 0 1px 0 rgba( 255, 255, 255, 0.15 ), 0 0 3px rgba( 0, 0, 0, 0.5 ); \tbox-shadow: inset 0 1px 0 rgba( 255, 255, 255, 0.15 ), 0 0 3px rgba( 0, 0, 0, 0.5 ); \tbackground-image: -ms-linear-gradient(top, #444444 0%, #222222 100%); \tbackground-image: -moz-linear-gradient(top, #444444 0%, #222222 100%); \tbackground-image: -o-linear-gradient(top, #444444 0%, #222222 100%); \tbackground-image: -webkit-gradient(linear, left top, left bottom, color-stop(0, #444444), color-stop(1, #222222)); \tbackground-image: -webkit-linear-gradient(top, #444444 0%, #222222 100%);  \tbackground-image: linear-gradient(to bottom, #444444 0%, #222222 100%); }  #wonderpluginaudio-107 .amazingaudioplayer-bar-buttons-clear { \tclear: both; }  #wonderpluginaudio-107 .amazingaudioplayer-bar-clear { }  #wonderpluginaudio-107 .amazingaudioplayer-bar-title { \tposition: relative; \tfloat: left; \tcolor: #eee; \tfont-family: \\\"Open Sans\\\", sans-serif; \tfont-size: 12px; \tline-height: 24px; \tmargin: 0 8px; }  #wonderpluginaudio-107 .amazingaudioplayer-playpause { \tposition: relative; \tfloat: left; }  #wonderpluginaudio-107 .amazingaudioplayer-play { \tposition: relative; }  #wonderpluginaudio-107 .amazingaudioplayer-pause { \tposition: relative; }  #wonderpluginaudio-107 .amazingaudioplayer-stop { \tposition: relative; \tfloat: left; }  #wonderpluginaudio-107 .amazingaudioplayer-prev { \tposition: relative; \tfloat: left; }  #wonderpluginaudio-107 .amazingaudioplayer-next { \tposition: relative; \tfloat: left; }  #wonderpluginaudio-107 .amazingaudioplayer-loop { \tposition: relative; \tfloat: left; \tmargin: 0 2px; }  #wonderpluginaudio-107 .amazingaudioplayer-progress { \tposition: relative; \tbackground-color: #222; \t-webkit-box-shadow: -1px -1px 0 rgba( 0, 0, 0, 0.5 ), 1px 1px 0 rgba( 255, 255, 255, 0.1 ); \t-moz-box-shadow: -1px -1px 0 rgba( 0, 0, 0, 0.5 ), 1px 1px 0 rgba( 255, 255, 255, 0.1 ); \tbox-shadow: -1px -1px 0 rgba( 0, 0, 0, 0.5 ), 1px 1px 0 rgba( 255, 255, 255, 0.1 ); \tmargin: 8px 4px; \t-webkit-border-radius: 4px; \t-moz-border-radius: 4px; \tborder-radius: 4px; }  #wonderpluginaudio-107 .amazingaudioplayer-progress-loaded { \tbackground-color: #444; \t-webkit-border-radius: 4px; \t-moz-border-radius: 4px; \tborder-radius: 4px; }  #wonderpluginaudio-107 .amazingaudioplayer-progress-played { \t-webkit-border-radius: 4px; \t-moz-border-radius: 4px; \tborder-radius: 4px; \tbackground-color: #fcc500; \tbackground-image: -ms-linear-gradient(top, #fede00 0%, #fcc500 100%); \tbackground-image: -moz-linear-gradient(top, #fede00 0%, #fcc500 100%); \tbackground-image: -o-linear-gradient(top, #fede00 0%, #fcc500 100%); \tbackground-image: -webkit-gradient(linear, left top, left bottom, color-stop(0, #fede00), color-stop(1, #fcc500)); \tbackground-image: -webkit-linear-gradient(top, #fede00 0%, #fcc500 100%);  \tbackground-image: linear-gradient(to bottom, #fede00 0%, #fcc500 100%); }  #wonderpluginaudio-107 .amazingaudioplayer-time { \tposition: relative; \tfloat: right; \tcolor: #fff; \tfont-family: \\\"Open Sans\\\", sans-serif; \tfont-size: 12px; \ttext-shadow: 1px 1px 0 #000; \tline-height: 24px; \tmargin: 0 4px; }  #wonderpluginaudio-107 .amazingaudioplayer-volume { \tposition: relative; \tfloat: right; }  #wonderpluginaudio-107 .amazingaudioplayer-volume-bar { \tbackground-color: #333; \tborder: none; \t-webkit-border-radius: 4px; \t-moz-border-radius: 4px; \tborder-radius: 4px; \t-webkit-box-shadow: inset 0 1px 0 rgba( 255, 255, 255, 0.15 ), 0 0 3px rgba( 0, 0, 0, 0.5 ); \t-moz-box-shadow: inset 0 1px 0 rgba( 255, 255, 255, 0.15 ), 0 0 3px rgba( 0, 0, 0, 0.5 ); \tbox-shadow: inset 0 1px 0 rgba( 255, 255, 255, 0.15 ), 0 0 3px rgba( 0, 0, 0, 0.5 ); \tbackground-image: -ms-linear-gradient(top, #444444 0%, #111111 100%); \tbackground-image: -moz-linear-gradient(top, #444444 0%, #111111 100%); \tbackground-image: -o-linear-gradient(top, #444444 0%, #111111 100%); \tbackground-image: -webkit-gradient(linear, left top, left bottom, color-stop(0, #444444), color-stop(1, #111111)); \tbackground-image: -webkit-linear-gradient(top, #444444 0%, #111111 100%); \tbackground-image: linear-gradient(to bottom, #444444 0%, #111111 100%); }  #wonderpluginaudio-107 .amazingaudioplayer-volume-bar-adjust { \tbackground-color: #222; \t-webkit-box-shadow: -1px -1px 0 rgba( 0, 0, 0, 0.5 ), 1px 1px 0 rgba( 255, 255, 255, 0.1 ); \t-moz-box-shadow: -1px -1px 0 rgba( 0, 0, 0, 0.5 ), 1px 1px 0 rgba( 255, 255, 255, 0.1 ); \tbox-shadow: -1px -1px 0 rgba( 0, 0, 0, 0.5 ), 1px 1px 0 rgba( 255, 255, 255, 0.1 ); }  #wonderpluginaudio-107 .amazingaudioplayer-volume-bar-adjust-active { \tbackground-color: #fcc500; \t-webkit-box-shadow: inset 0 0 5px rgba( 255, 255, 255, 0.5 ); \t-moz-box-shadow: inset 0 0 5px rgba( 255, 255, 255, 0.5 ); \tbox-shadow: inset 0 0 5px rgba( 255, 255, 255, 0.5 ); }  #wonderpluginaudio-107 .amazingaudioplayer-tracklist { \tdisplay: block; \tposition: relative; }  #wonderpluginaudio-107 .amazingaudioplayer-tracklist-container { \tdisplay: block; \tposition: relative; \tbackground-color: #333; \tborder: 1px solid #222; \t-webkit-border-radius: 2px;     -moz-border-radius: 2px;     border-radius: 2px; \tmargin: 4px; \tpadding: 12px 12px 16px; \t-webkit-box-shadow: inset 0 1px 0 rgba( 255, 255, 255, 0.15 ), 0 0 3px rgba( 0, 0, 0, 0.5 ); \t-moz-box-shadow: inset 0 1px 0 rgba( 255, 255, 255, 0.15 ), 0 0 3px rgba( 0, 0, 0, 0.5 ); \tbox-shadow: inset 0 1px 0 rgba( 255, 255, 255, 0.15 ), 0 0 3px rgba( 0, 0, 0, 0.5 ); \tbackground-image: -ms-linear-gradient(top, #444444 0%, #111111 100%); \tbackground-image: -moz-linear-gradient(top, #444444 0%, #111111 100%); \tbackground-image: -o-linear-gradient(top, #444444 0%, #111111 100%); \tbackground-image: -webkit-gradient(linear, left top, left bottom, color-stop(0, #444444), color-stop(1, #111111)); \tbackground-image: -webkit-linear-gradient(top, #444444 0%, #111111 100%); \tbackground-image: linear-gradient(to bottom, #444444 0%, #111111 100%); }  #wonderpluginaudio-107 .amazingaudioplayer-tracks-wrapper { \tposition: relative; }  #wonderpluginaudio-107 .amazingaudioplayer-tracks { \tposition: relative; \tlist-style-type: none; \tmargin: 0; \tpadding: 0; }  #wonderpluginaudio-107 .amazingaudioplayer-track-item { \tlist-style-type: none; \tposition: relative; \tcursor: pointer; \tcolor: #999; \tfont-family: \\\"Open Sans\\\", Arial, sans-serif; \tfont-size: 12px; \ttext-shadow: 0 1px 1px rgba(0, 0, 0, 0.6); \tline-height: 22px; \tmargin: 0; \tpadding: 0; \ttext-align: left; }  #wonderpluginaudio-107 .amazingaudioplayer-track-item-active { \tcursor: pointer; \tcolor: #fff; }  #wonderpluginaudio-107 .amazingaudioplayer-track-item a { \tcolor: #999;     text-decoration: none; }  #wonderpluginaudio-107 .amazingaudioplayer-track-item-active a { \tcolor: #fff;     text-decoration: none; }  #wonderpluginaudio-107 .amazingaudioplayer-track-item-duration { \tposition: absolute; \ttop: 0; \tright: 0; }  #wonderpluginaudio-107 .amazingaudioplayer-tracklist-arrow-prev { \tposition: absolute; \tbottom: 2px; \tleft: 50%; \tmargin-left: -64px; }  #wonderpluginaudio-107 .amazingaudioplayer-tracklist-arrow-next { \tposition: absolute; \tbottom: 2px; \tleft: 50%; \tmargin-left: 16px; }  #wonderpluginaudio-107 .amazingaudioplayer-tracklist-clear { \tclear: both; }  #wonderpluginaudio-107 .amazingaudioplayer-item-id { \tfloat: left; \twidth: 18px; }  #wonderpluginaudio-107 .amazingaudioplayer-item-info { \tfloat: right; \twidth: 36px; }  #wonderpluginaudio-107 .amazingaudioplayer-item-title { \toverflow: hidden; }  #wonderpluginaudio-107 .amazingaudioplayer-track-item:before, #wonderpluginaudio-107 .amazingaudioplayer-track-item:after { \tdisplay: none; }  #wonderpluginaudio-107 ul, #wonderpluginaudio-107 li { \tlist-style-type: none; }  #wonderpluginaudio-107 .amazingaudioplayer-tracklistsearch { \tbox-sizing: border-box; \tpadding: 4px; }  #wonderpluginaudio-107 .amazingaudioplayer-tracklistsearch-input { \tbox-sizing: border-box; \twidth: 100%; }\");<\/script><\/p>\t\t\t\t\t\t\t\t<\/div>\n\t\t\t\t<\/div>\n\t\t\t\t\t<\/div>\n\t\t<\/div>\n\t\t\t\t<div class=\"elementor-column elementor-col-50 elementor-top-column elementor-element elementor-element-2a87f3d\" data-id=\"2a87f3d\" data-element_type=\"column\">\n\t\t\t<div class=\"elementor-widget-wrap\">\n\t\t\t\t\t\t\t<\/div>\n\t\t<\/div>\n\t\t\t\t\t<\/div>\n\t\t<\/section>\n\t\t\t\t<section class=\"elementor-section elementor-top-section elementor-element elementor-element-6572815 elementor-section-boxed elementor-section-height-default elementor-section-height-default\" data-id=\"6572815\" data-element_type=\"section\">\n\t\t\t\t\t\t<div class=\"elementor-container elementor-column-gap-default\">\n\t\t\t\t\t<div class=\"elementor-column elementor-col-100 elementor-top-column elementor-element elementor-element-d168f02\" data-id=\"d168f02\" data-element_type=\"column\">\n\t\t\t<div class=\"elementor-widget-wrap elementor-element-populated\">\n\t\t\t\t\t\t<div class=\"elementor-element elementor-element-a48ea13 elementor-widget elementor-widget-text-editor\" data-id=\"a48ea13\" data-element_type=\"widget\" data-widget_type=\"text-editor.default\">\n\t\t\t\t<div class=\"elementor-widget-container\">\n\t\t\t\t\t\t\t\t\t<p><b><span style=\"font-size: 10pt;\">Hautk\u00f6rper<\/span><\/b><\/p>\n<p><span style=\"font-size: 10pt;\">Elise, Live-Modell-Generierung<\/span><br><span style=\"font-size: 10pt;\">noid, Cello \/ Transducer<\/span><\/p>\n<p><span style=\"font-size: 10pt;\">Gebrochene Rhythmen \/<\/span><br><span style=\"font-size: 10pt;\">sich immer wieder verfl\u00fcssigende Metren \/<\/span><br><span style=\"font-size: 10pt;\">endlos schwingende Membrane \/<\/span><br><span style=\"font-size: 10pt;\">zur Fl\u00e4che verdichtete Anschl\u00e4ge.<\/span><\/p>\n<p><span style=\"font-size: 10pt;\">Der resonierende Cellok\u00f6rper und die virtuellen Membranoide<\/span><br><span style=\"font-size: 10pt;\">verschmelzen zu einem Hautk\u00f6rper.<\/span><\/p>\n<p><span style=\"font-size: 10pt;\">Ineinandergreifende Einzelteile.<\/span><br><span style=\"font-size: 10pt;\">We are the machine!<\/span><\/p>\t\t\t\t\t\t\t\t<\/div>\n\t\t\t\t<\/div>\n\t\t\t\t\t<\/div>\n\t\t<\/div>\n\t\t\t\t\t<\/div>\n\t\t<\/section>\n\t\t\t\t<section class=\"elementor-section elementor-top-section elementor-element elementor-element-517d9f0 elementor-section-boxed elementor-section-height-default elementor-section-height-default\" data-id=\"517d9f0\" data-element_type=\"section\">\n\t\t\t\t\t\t<div class=\"elementor-container elementor-column-gap-default\">\n\t\t\t\t\t<div class=\"elementor-column elementor-col-100 elementor-top-column elementor-element elementor-element-2f09703\" data-id=\"2f09703\" data-element_type=\"column\">\n\t\t\t<div class=\"elementor-widget-wrap elementor-element-populated\">\n\t\t\t\t\t\t<div class=\"elementor-element elementor-element-8b3d02a elementor-widget elementor-widget-text-editor\" data-id=\"8b3d02a\" data-element_type=\"widget\" data-widget_type=\"text-editor.default\">\n\t\t\t\t<div class=\"elementor-widget-container\">\n\t\t\t\t\t\t\t\t\t<p><b><span style=\"font-size: 10pt;\">Elisabeth Schimana<\/span><\/b><\/p><p><span style=\"font-size: 10pt;\">Schimana untersucht in ihrer k\u00fcnstlerischen Arbeit Fragen des Raums, der Kommunikation oder des K\u00f6rpers in seiner An- bzw. Abwesenheit, insbesondere die Vermittlung kompositorischer Konzepte (Partituren), was zu v\u00f6llig neuen Ans\u00e4tzen f\u00fchrt, die das H\u00f6ren experimentell ausloten und eine erh\u00f6hte musizierende Pr\u00e4senz erfordern. Ihr forschender Zugang hat auch die Gr\u00fcndung des IMA Institut f\u00fcr Medienarch\u00e4ologie zur Folge, das sich seit 2005 den akustischen Medien an der Schnittstelle analog\/digital, sowie dem Thema Frauen, Kunst und Technologie widmet.<\/span><\/p><p><span style=\"font-size: 10pt;\">Schimanas mehrfach ausgezeichnete und international rezipierte Arbeit steht im Spannungsfeld von Komposition und freiem Spiel, nicht zu trennen von ihr als live Agierender, bezieht sich auf historische Positionen, verweigert sich aber jeglicher Vereinnahmung und besticht, eindringlich und reduziert, mit hoher Intensit\u00e4t. (Milena Meller)<\/span><\/p><p><a href=\"http:\/\/elise.at\" target=\"_blank\" rel=\"noopener\"><strong><span style=\"font-size: 10pt;\">http:\/\/elise.at<\/span><\/strong><\/a><\/p><p><span style=\"font-size: 10pt;\">[info as of 12\/2018]<\/span><\/p>\t\t\t\t\t\t\t\t<\/div>\n\t\t\t\t<\/div>\n\t\t\t\t\t<\/div>\n\t\t<\/div>\n\t\t\t\t\t<\/div>\n\t\t<\/section>\n\t\t\t\t<\/div>\n\t\t","protected":false},"excerpt":{"rendered":"<p>SUAL Archives | 2018 Schimana\/noid: Hautk\u00f6rper Duration: &nbsp;&nbsp; &nbsp;&nbsp; 25\u201828\u201c Featuring: &nbsp;&nbsp; &nbsp;Elisabeth Schimana, live model-generation | noid, violoncello\/transducer Type:&nbsp;&nbsp; &hellip; <span class=\"more-button\"><a href=\"https:\/\/www.sual-archives.net\/css\/sual-archives\/2018-2\/schimana-noid\/\" class=\"more-link\">Continue Reading<span class=\"screen-reader-text\">Schimana\/noid<\/span><\/a><\/span><\/p>\n","protected":false},"author":1,"featured_media":2139,"parent":104,"menu_order":0,"comment_status":"closed","ping_status":"closed","template":"","meta":{"footnotes":""},"folder":[],"class_list":["post-1569","page","type-page","status-publish","has-post-thumbnail","hentry"],"amp_enabled":true,"_links":{"self":[{"href":"https:\/\/www.sual-archives.net\/css\/wp-json\/wp\/v2\/pages\/1569","targetHints":{"allow":["GET"]}}],"collection":[{"href":"https:\/\/www.sual-archives.net\/css\/wp-json\/wp\/v2\/pages"}],"about":[{"href":"https:\/\/www.sual-archives.net\/css\/wp-json\/wp\/v2\/types\/page"}],"author":[{"embeddable":true,"href":"https:\/\/www.sual-archives.net\/css\/wp-json\/wp\/v2\/users\/1"}],"replies":[{"embeddable":true,"href":"https:\/\/www.sual-archives.net\/css\/wp-json\/wp\/v2\/comments?post=1569"}],"version-history":[{"count":3,"href":"https:\/\/www.sual-archives.net\/css\/wp-json\/wp\/v2\/pages\/1569\/revisions"}],"predecessor-version":[{"id":2160,"href":"https:\/\/www.sual-archives.net\/css\/wp-json\/wp\/v2\/pages\/1569\/revisions\/2160"}],"up":[{"embeddable":true,"href":"https:\/\/www.sual-archives.net\/css\/wp-json\/wp\/v2\/pages\/104"}],"wp:featuredmedia":[{"embeddable":true,"href":"https:\/\/www.sual-archives.net\/css\/wp-json\/wp\/v2\/media\/2139"}],"wp:attachment":[{"href":"https:\/\/www.sual-archives.net\/css\/wp-json\/wp\/v2\/media?parent=1569"}],"wp:term":[{"taxonomy":"folder","embeddable":true,"href":"https:\/\/www.sual-archives.net\/css\/wp-json\/wp\/v2\/folder?post=1569"}],"curies":[{"name":"wp","href":"https:\/\/api.w.org\/{rel}","templated":true}]}}