{"id":1508,"date":"2019-03-29T20:59:05","date_gmt":"2019-03-29T19:59:05","guid":{"rendered":"http:\/\/www.samoizbor.me\/css\/?page_id=1508"},"modified":"2019-04-05T17:06:28","modified_gmt":"2019-04-05T15:06:28","slug":"von-fruh-bis-spat","status":"publish","type":"page","link":"https:\/\/www.sual-archives.net\/css\/sual-archives\/2016-2\/von-fruh-bis-spat\/","title":{"rendered":"Von fr\u00fch bis sp\u00e4t"},"content":{"rendered":"\t\t<div data-elementor-type=\"wp-post\" data-elementor-id=\"1508\" class=\"elementor elementor-1508\" data-elementor-post-type=\"page\">\n\t\t\t\t\t\t<section class=\"elementor-section elementor-top-section elementor-element elementor-element-6c84600 elementor-section-boxed elementor-section-height-default elementor-section-height-default\" data-id=\"6c84600\" data-element_type=\"section\">\n\t\t\t\t\t\t<div class=\"elementor-container elementor-column-gap-default\">\n\t\t\t\t\t<div class=\"elementor-column elementor-col-100 elementor-top-column elementor-element elementor-element-ec14d56\" data-id=\"ec14d56\" data-element_type=\"column\">\n\t\t\t<div class=\"elementor-widget-wrap elementor-element-populated\">\n\t\t\t\t\t\t<div class=\"elementor-element elementor-element-144cccb elementor-widget elementor-widget-text-editor\" data-id=\"144cccb\" data-element_type=\"widget\" data-widget_type=\"text-editor.default\">\n\t\t\t\t<div class=\"elementor-widget-container\">\n\t\t\t\t\t\t\t\t\t<p><b>SUAL Archives | 2016<\/b><\/p><p><b>Von fr\u00fch bis sp\u00e4t<\/b> \u2014 works by John Cage, Marcel Duchamp, Franz Liszt and Erik Satie<\/p><p><span style=\"font-size: 10pt;\">Duration: \u00a0\u00a0 \u00a0\u00a0 16\u201809\u201c (6 pieces)<\/span><br \/><span style=\"font-size: 10pt;\">Featuring:\u00a0\u00a0\u00a0\u00a0\u00a0 Manon-Liu Winter, piano<\/span><br \/><span style=\"font-size: 10pt;\">Type:\u00a0\u00a0 \u00a0\u00a0\u00a0 \u00a0\u00a0\u00a0\u00a0\u00a0\u00a0\u00a0 Recorded live at SUAL 2016<\/span><br \/><span style=\"font-size: 10pt;\">Credits:\u00a0\u00a0 \u00a0\u00a0\u00a0\u00a0\u00a0\u00a0 Audio recordings by JF, editing by BG<\/span><\/p><p><span style=\"font-size: 10pt;\">Included pieces:<\/span><\/p><p><span style=\"font-size: 10pt;\">Erik Satie\u00a0\u00a0 \u00a0\u00a0\u00a0\u00a0\u00a0 <i>Prelude d&#8217; Eginhard <\/i>(1893)\u00a0\u00a0 \u00a0<\/span><br \/><span style=\"font-size: 10pt;\">Franz Liszt\u00a0\u00a0 \u00a0\u00a0 <i>Wiegenlied [Chant Du Berceau] <\/i>(1881)\u00a0\u00a0 \u00a0<\/span><br \/><span style=\"font-size: 10pt;\">Erik Satie\u00a0\u00a0 \u00a0\u00a0\u00a0\u00a0\u00a0 <i>Danses De Travers I <\/i>(1897)\u00a0\u00a0 \u00a0\u00a0\u00a0 \u00a0<\/span><br \/><span style=\"font-size: 10pt;\">Franz Liszt \u00a0\u00a0 \u00a0 <i>Tr\u00fcbe Wolken [Nuages Gris]<\/i> (1881)\u00a0\u00a0 \u00a0 <\/span><br \/><span style=\"font-size: 10pt;\">Erik Satie\u00a0\u00a0 \u00a0\u00a0\u00a0\u00a0\u00a0<i> Danses De Travers III<\/i> (1897)\u00a0\u00a0 \u00a0\u00a0\u00a0 \u00a0<\/span><br \/><span style=\"font-size: 10pt;\">Franz Liszt\u00a0\u00a0 \u00a0\u00a0\u00a0 <i>Abschied <\/i>(1885)<\/span><\/p>\t\t\t\t\t\t\t\t<\/div>\n\t\t\t\t<\/div>\n\t\t\t\t\t<\/div>\n\t\t<\/div>\n\t\t\t\t\t<\/div>\n\t\t<\/section>\n\t\t\t\t<section class=\"elementor-section elementor-top-section elementor-element elementor-element-53e0418 elementor-section-boxed elementor-section-height-default elementor-section-height-default\" data-id=\"53e0418\" data-element_type=\"section\">\n\t\t\t\t\t\t<div class=\"elementor-container elementor-column-gap-default\">\n\t\t\t\t\t<div class=\"elementor-column elementor-col-50 elementor-top-column elementor-element elementor-element-4e3205e\" data-id=\"4e3205e\" data-element_type=\"column\">\n\t\t\t<div class=\"elementor-widget-wrap elementor-element-populated\">\n\t\t\t\t\t\t<div class=\"elementor-element elementor-element-a75fb94 elementor-widget elementor-widget-text-editor\" data-id=\"a75fb94\" data-element_type=\"widget\" data-widget_type=\"text-editor.default\">\n\t\t\t\t<div class=\"elementor-widget-container\">\n\t\t\t\t\t\t\t\t\t<p><div class=\"wonderpluginaudio\" id=\"wonderpluginaudio-96\" data-audioplayerid=\"96\" data-width=\"550\" data-height=\"600\" data-skin=\"jukebox\" data-progressinbar=\"true\" data-showinfo=\"false\" data-showimage=\"false\" data-autoplay=\"false\" data-random=\"false\" data-autoresize=\"true\" data-responsive=\"false\" data-showtracklist=\"true\" data-tracklistscroll=\"true\" data-showprogress=\"true\" data-showprevnext=\"true\" data-showloop=\"true\" data-preloadaudio=\"true\" data-showtracklistsearch=\"false\" data-saveposincookie=\"false\" data-showtime=\"true\" data-showvolume=\"true\" data-showvolumebar=\"true\" data-showliveplayedlist=\"false\" data-showtitleinbar=\"false\" data-showloading=\"false\" data-enablega=\"false\" data-titleinbarscroll=\"true\" data-donotinit=\"false\" data-addinitscript=\"false\" data-imagewidth=\"100\" data-imageheight=\"100\" data-loop=\"1\" data-tracklistitem=\"10\" data-titleinbarwidth=\"150\" data-gatrackingid=\"\" data-playbackrate=\"1\" data-playpauseimage=\"playpause-24-24-0.png\" data-playpauseimagewidth=\"24\" data-playpauseimageheight=\"24\" data-cookiehours=\"240\" data-prevnextimage=\"prevnext-24-24-0.png\" data-prevnextimagewidth=\"24\" data-prevnextimageheight=\"24\" data-volumeimage=\"volume-24-24-0.png\" data-volumeimagewidth=\"24\" data-volumeimageheight=\"24\" data-liveupdateinterval=\"10000\" data-maxplayedlist=\"8\" data-playedlisttitle=\"Last Tracks Played\" data-loopimage=\"loop-24-24-0.png\" data-loopimagewidth=\"24\" data-loopimageheight=\"24\" data-infoformat=\"%ARTIST% %ALBUM%&lt;br \/&gt;%INFO%\" data-tracklistscroll=\"false\" data-jsfolder=\"https:\/\/www.sual-archives.net\/css\/wp-content\/plugins\/wonderplugin-audio\/engine\/\" style=\"display:block;position:relative;margin:0 auto;width:100%;max-width:550px;height:auto;\"><ul class=\"amazingaudioplayer-audios\" style=\"display:none;\"><li data-artist=\"Erik Satie\" data-title=\"SUAL16 | Von fr\u00fch bis sp\u00e4t. Erik Satie: Prelude d' Eginhard\" data-album=\"SUAL16\" data-info=\"SUAL16 | Von fr\u00fch bis sp\u00e4t. Erik Satie: Prelude d' Eginhard\" data-image=\"http:\/\/www.sual-archives.net\/css\/wp-includes\/images\/media\/audio.png\" data-duration=\"152\"><div class=\"amazingaudioplayer-source\" data-src=\"http:\/\/www.sual-archives.net\/css\/wp-content\/uploads\/awp-mp3\/sual16N1 I satie_prelude d eginhard.mp3\" data-type=\"audio\/mpeg\" ><\/div><\/li><li data-artist=\"Franz Liszt\" data-title=\"SUAL16 | Von fr\u00fch bis sp\u00e4t. Franz Liszt: Wiegenlied [Chant Du Berceau]\" data-album=\"SUAL16\" data-info=\"SUAL16 | Von fr\u00fch bis sp\u00e4t. Franz Liszt: Wiegenlied [Chant Du Berceau]\" data-image=\"http:\/\/www.samoizbor.me\/css\/wp-includes\/images\/media\/audio.png\" data-duration=\"213\"><div class=\"amazingaudioplayer-source\" data-src=\"http:\/\/www.sual-archives.net\/css\/wp-content\/uploads\/awp-mp3\/sual16_liszt_wiegenlied (von frueh bis spaet).mp3\" data-type=\"audio\/mpeg\" ><\/div><\/li><li data-artist=\"Erik Satie\" data-title=\"SUAL16 | Von fr\u00fch bis sp\u00e4t. Erik Satie: Danses De Travers I\" data-album=\"SUAL16\" data-info=\"SUAL16 | Von fr\u00fch bis sp\u00e4t. Erik Satie: Danses De Travers I\" data-image=\"http:\/\/www.samoizbor.me\/css\/wp-includes\/images\/media\/audio.png\" data-duration=\"121\"><div class=\"amazingaudioplayer-source\" data-src=\"http:\/\/www.sual-archives.net\/css\/wp-content\/uploads\/awp-mp3\/sual16_satie_danses de travers I (von frueh bis spaet).mp3\" data-type=\"audio\/mpeg\" ><\/div><\/li><li data-artist=\"Franz Liszt\" data-title=\"SUAL16 | Von fr\u00fch bis sp\u00e4t. Franz Liszt: Tr\u00fcbe Wolken [Nuages Gris]\" data-album=\"SUAL16\" data-info=\"SUAL16 | Von fr\u00fch bis sp\u00e4t. Franz Liszt: Tr\u00fcbe Wolken [Nuages Gris]\" data-image=\"http:\/\/www.samoizbor.me\/css\/wp-includes\/images\/media\/audio.png\" data-duration=\"147\"><div class=\"amazingaudioplayer-source\" data-src=\"http:\/\/www.sual-archives.net\/css\/wp-content\/uploads\/awp-mp3\/sual16_liszt_nuages gris (von frueh bis spaet).mp3\" data-type=\"audio\/mpeg\" ><\/div><\/li><li data-artist=\"Erik Satie\" data-title=\"SUAL16 | Von fr\u00fch bis sp\u00e4t. Erik Satie: Danses De Travers III\" data-album=\"SUAL16\" data-info=\"SUAL16 | Von fr\u00fch bis sp\u00e4t. Erik Satie: Danses De Travers III\" data-image=\"http:\/\/www.samoizbor.me\/css\/wp-includes\/images\/media\/audio.png\" data-duration=\"178\"><div class=\"amazingaudioplayer-source\" data-src=\"http:\/\/www.sual-archives.net\/css\/wp-content\/uploads\/awp-mp3\/sual16_satie_danses de travers III (von frueh bis spaet).mp3\" data-type=\"audio\/mpeg\" ><\/div><\/li><li data-artist=\"Franz Liszt\" data-title=\"SUAL16 | Von fr\u00fch bis sp\u00e4t. Franz Liszt: Abschied\" data-album=\"SUAL16\" data-info=\"SUAL16 | Von fr\u00fch bis sp\u00e4t. Franz Liszt: Abschied\" data-image=\"http:\/\/www.samoizbor.me\/css\/wp-includes\/images\/media\/audio.png\" data-duration=\"160\"><div class=\"amazingaudioplayer-source\" data-src=\"http:\/\/www.sual-archives.net\/css\/wp-content\/uploads\/awp-mp3\/sual16_liszt_abschied (von frueh bis spaet).mp3\" data-type=\"audio\/mpeg\" ><\/div><\/li><\/ul><\/div><script>function wonderaudio_96_appendcss(csscode) {var head=document.head || document.getElementsByTagName(\"head\")[0];var style=document.createElement(\"style\");head.appendChild(style);style.type=\"text\/css\";if (style.styleSheet){style.styleSheet.cssText=csscode;} else {style.appendChild(document.createTextNode(csscode));}};wonderaudio_96_appendcss(\"@import url(https:\/\/fonts.googleapis.com\/css?family=Open+Sans|Oswald);  #wonderpluginaudio-96 { \tbox-sizing: content-box; }  #wonderpluginaudio-96 div { \t-webkit-box-sizing: content-box; \t-moz-box-sizing: content-box; \tbox-sizing: content-box;    }  #wonderpluginaudio-96 .amazingaudioplayer-image { \tdisplay: block; \tposition: relative; \tfloat: left; \tmargin: 0; \toverflow: hidden; \t-webkit-border-radius: 4px;     \t-moz-border-radius: 4px;     \tborder-radius: 4px; }  #wonderpluginaudio-96 .amazingaudioplayer-image img { \tdisplay: inline-block; \tmargin: 0; \tpadding: 0; \t-webkit-border-radius: 4px;     \t-moz-border-radius: 4px;     \tborder-radius: 4px; }  #wonderpluginaudio-96 .amazingaudioplayer-image-clear { }  #wonderpluginaudio-96 .amazingaudioplayer-text { \tdisplay: block; \tposition: relative; \ttext-align: left; \toverflow: hidden; \tpadding: 0 0 0 8px; \theight: auto; }  #wonderpluginaudio-96 .amazingaudioplayer-text-clear { }  #wonderpluginaudio-96 .amazingaudioplayer-title { \tdisplay: block; \tcolor: #333; \tfont-family: \\\"Oswald\\\",Arial,sans-serif; \tfont-size: 15px; \tfont-weight: bold; }  #wonderpluginaudio-96 .amazingaudioplayer-title-clear { }  #wonderpluginaudio-96 .amazingaudioplayer-info { \tdisplay: block; \tcolor: #666; \tfont-family: Arial, sans-serif; \tfont-size: 12px; \tfont-style: italic; }  #wonderpluginaudio-96 .amazingaudioplayer-info-clear { }  #wonderpluginaudio-96 .amazingaudioplayer-bar { \tposition: relative; \tbox-sizing: border-box; \twidth: 100%; \tfloat: left; \tbackground-color: #333; \tmargin: 6px 0; \tborder: 1px solid #222; \t-webkit-border-radius: 2px; \t-moz-border-radius: 2px; \tborder-radius: 2px; \t-webkit-box-shadow: inset 0 1px 0 rgba( 255, 255, 255, 0.15 ), 0 0 3px rgba( 0, 0, 0, 0.5 ); \t-moz-box-shadow: inset 0 1px 0 rgba( 255, 255, 255, 0.15 ), 0 0 3px rgba( 0, 0, 0, 0.5 ); \tbox-shadow: inset 0 1px 0 rgba( 255, 255, 255, 0.15 ), 0 0 3px rgba( 0, 0, 0, 0.5 ); \tbackground-image: -ms-linear-gradient(top, #444444 0%, #222222 100%); \tbackground-image: -moz-linear-gradient(top, #444444 0%, #222222 100%); \tbackground-image: -o-linear-gradient(top, #444444 0%, #222222 100%); \tbackground-image: -webkit-gradient(linear, left top, left bottom, color-stop(0, #444444), color-stop(1, #222222)); \tbackground-image: -webkit-linear-gradient(top, #444444 0%, #222222 100%);  \tbackground-image: linear-gradient(to bottom, #444444 0%, #222222 100%); }  #wonderpluginaudio-96 .amazingaudioplayer-bar-buttons-clear { \tclear: both; }  #wonderpluginaudio-96 .amazingaudioplayer-bar-clear { \tclear: both; }  #wonderpluginaudio-96 .amazingaudioplayer-bar-title { \tposition: relative; \tfloat: left; \tcolor: #eee; \tfont-family: \\\"Open Sans\\\", sans-serif; \tfont-size: 12px; \tline-height: 24px; \tmargin: 0 8px; }  #wonderpluginaudio-96 .amazingaudioplayer-playpause { \tposition: relative; \tfloat: left; }  #wonderpluginaudio-96 .amazingaudioplayer-play { \tposition: relative; }  #wonderpluginaudio-96 .amazingaudioplayer-pause { \tposition: relative; }  #wonderpluginaudio-96 .amazingaudioplayer-stop { \tposition: relative; \tfloat: left; }  #wonderpluginaudio-96 .amazingaudioplayer-prev { \tposition: relative; \tfloat: left; }  #wonderpluginaudio-96 .amazingaudioplayer-next { \tposition: relative; \tfloat: left; }  #wonderpluginaudio-96 .amazingaudioplayer-loop { \tposition: relative; \tfloat: left; \tmargin: 0 2px; }  #wonderpluginaudio-96 .amazingaudioplayer-progress { \tposition: relative; \tbackground-color: #222; \t-webkit-box-shadow: -1px -1px 0 rgba( 0, 0, 0, 0.5 ), 1px 1px 0 rgba( 255, 255, 255, 0.1 ); \t-moz-box-shadow: -1px -1px 0 rgba( 0, 0, 0, 0.5 ), 1px 1px 0 rgba( 255, 255, 255, 0.1 ); \tbox-shadow: -1px -1px 0 rgba( 0, 0, 0, 0.5 ), 1px 1px 0 rgba( 255, 255, 255, 0.1 ); \tmargin: 8px 4px; \t-webkit-border-radius: 4px; \t-moz-border-radius: 4px; \tborder-radius: 4px; }  #wonderpluginaudio-96 .amazingaudioplayer-progress-loaded { \tbackground-color: #444; \t-webkit-border-radius: 4px; \t-moz-border-radius: 4px; \tborder-radius: 4px; }  #wonderpluginaudio-96 .amazingaudioplayer-progress-played { \t-webkit-border-radius: 4px; \t-moz-border-radius: 4px; \tborder-radius: 4px; \tbackground-color: #fcc500; \tbackground-image: -ms-linear-gradient(top, #fede00 0%, #fcc500 100%); \tbackground-image: -moz-linear-gradient(top, #fede00 0%, #fcc500 100%); \tbackground-image: -o-linear-gradient(top, #fede00 0%, #fcc500 100%); \tbackground-image: -webkit-gradient(linear, left top, left bottom, color-stop(0, #fede00), color-stop(1, #fcc500)); \tbackground-image: -webkit-linear-gradient(top, #fede00 0%, #fcc500 100%);  \tbackground-image: linear-gradient(to bottom, #fede00 0%, #fcc500 100%); }  #wonderpluginaudio-96 .amazingaudioplayer-time { \tposition: relative; \tfloat: right; \tcolor: #fff; \tfont-family: \\\"Open Sans\\\", sans-serif; \tfont-size: 12px; \ttext-shadow: 1px 1px 0 #000; \tline-height: 24px; \tmargin: 0 4px; }  #wonderpluginaudio-96 .amazingaudioplayer-volume { \tposition: relative; \tfloat: right; }  #wonderpluginaudio-96 .amazingaudioplayer-volume-bar { \tbackground-color: #333; \tborder: none; \t-webkit-border-radius: 4px; \t-moz-border-radius: 4px; \tborder-radius: 4px; \t-webkit-box-shadow: inset 0 1px 0 rgba( 255, 255, 255, 0.15 ), 0 0 3px rgba( 0, 0, 0, 0.5 ); \t-moz-box-shadow: inset 0 1px 0 rgba( 255, 255, 255, 0.15 ), 0 0 3px rgba( 0, 0, 0, 0.5 ); \tbox-shadow: inset 0 1px 0 rgba( 255, 255, 255, 0.15 ), 0 0 3px rgba( 0, 0, 0, 0.5 ); \tbackground-image: -ms-linear-gradient(top, #444444 0%, #111111 100%); \tbackground-image: -moz-linear-gradient(top, #444444 0%, #111111 100%); \tbackground-image: -o-linear-gradient(top, #444444 0%, #111111 100%); \tbackground-image: -webkit-gradient(linear, left top, left bottom, color-stop(0, #444444), color-stop(1, #111111)); \tbackground-image: -webkit-linear-gradient(top, #444444 0%, #111111 100%); \tbackground-image: linear-gradient(to bottom, #444444 0%, #111111 100%); }  #wonderpluginaudio-96 .amazingaudioplayer-volume-bar-adjust { \tbackground-color: #222; \t-webkit-box-shadow: -1px -1px 0 rgba( 0, 0, 0, 0.5 ), 1px 1px 0 rgba( 255, 255, 255, 0.1 ); \t-moz-box-shadow: -1px -1px 0 rgba( 0, 0, 0, 0.5 ), 1px 1px 0 rgba( 255, 255, 255, 0.1 ); \tbox-shadow: -1px -1px 0 rgba( 0, 0, 0, 0.5 ), 1px 1px 0 rgba( 255, 255, 255, 0.1 ); }  #wonderpluginaudio-96 .amazingaudioplayer-volume-bar-adjust-active { \tbackground-color: #fcc500; \t-webkit-box-shadow: inset 0 0 5px rgba( 255, 255, 255, 0.5 ); \t-moz-box-shadow: inset 0 0 5px rgba( 255, 255, 255, 0.5 ); \tbox-shadow: inset 0 0 5px rgba( 255, 255, 255, 0.5 ); }  #wonderpluginaudio-96 .amazingaudioplayer-tracklist { \tdisplay: block; \tposition: relative; }  #wonderpluginaudio-96 .amazingaudioplayer-tracklist-container { \tdisplay: block; \tposition: relative; \tbackground-color: #333; \tborder: 1px solid #222; \t-webkit-border-radius: 2px;     -moz-border-radius: 2px;     border-radius: 2px; \tmargin: 0; \tpadding: 12px 12px 16px; \t-webkit-box-shadow: inset 0 1px 0 rgba( 255, 255, 255, 0.15 ), 0 0 3px rgba( 0, 0, 0, 0.5 ); \t-moz-box-shadow: inset 0 1px 0 rgba( 255, 255, 255, 0.15 ), 0 0 3px rgba( 0, 0, 0, 0.5 ); \tbox-shadow: inset 0 1px 0 rgba( 255, 255, 255, 0.15 ), 0 0 3px rgba( 0, 0, 0, 0.5 ); \tbackground-image: -ms-linear-gradient(top, #444444 0%, #111111 100%); \tbackground-image: -moz-linear-gradient(top, #444444 0%, #111111 100%); \tbackground-image: -o-linear-gradient(top, #444444 0%, #111111 100%); \tbackground-image: -webkit-gradient(linear, left top, left bottom, color-stop(0, #444444), color-stop(1, #111111)); \tbackground-image: -webkit-linear-gradient(top, #444444 0%, #111111 100%); \tbackground-image: linear-gradient(to bottom, #444444 0%, #111111 100%); }  #wonderpluginaudio-96 .amazingaudioplayer-tracks-wrapper { \tposition: relative; }  #wonderpluginaudio-96 .amazingaudioplayer-tracks { \tposition: relative; \tlist-style-type: none; \tmargin: 0; \tpadding: 0; }  #wonderpluginaudio-96 .amazingaudioplayer-track-item { \tlist-style-type: none; \tposition: relative; \tcursor: pointer; \tcolor: #999; \tfont-family: \\\"Open Sans\\\", Arial, sans-serif; \tfont-size: 12px; \ttext-shadow: 0 1px 1px rgba(0, 0, 0, 0.6); \tline-height: 22px; \tmargin: 0; \tpadding: 0; \ttext-align: left; }  #wonderpluginaudio-96 .amazingaudioplayer-track-item-active { \tcursor: pointer; \tcolor: #fff; }  #wonderpluginaudio-96 .amazingaudioplayer-track-item a { \tcolor: #999;     text-decoration: none; }  #wonderpluginaudio-96 .amazingaudioplayer-track-item-active a { \tcolor: #fff;     text-decoration: none; }  #wonderpluginaudio-96 .amazingaudioplayer-track-item-duration { \tposition: absolute; \ttop: 0; \tright: 0; }  #wonderpluginaudio-96 .amazingaudioplayer-tracklist-arrow-prev { \tposition: absolute; \tbottom: 2px; \tleft: 50%; \tmargin-left: -64px; }  #wonderpluginaudio-96 .amazingaudioplayer-tracklist-arrow-next { \tposition: absolute; \tbottom: 2px; \tleft: 50%; \tmargin-left: 16px; }  #wonderpluginaudio-96 .amazingaudioplayer-tracklist-clear { \tclear: both; }  #wonderpluginaudio-96 .amazingaudioplayer-item-id { \tfloat: left; \twidth: 18px; }  #wonderpluginaudio-96 .amazingaudioplayer-item-info { \tfloat: right; \twidth: 36px; }  #wonderpluginaudio-96 .amazingaudioplayer-item-title { \toverflow: hidden; }  #wonderpluginaudio-96 .amazingaudioplayer-track-item:before, #wonderpluginaudio-96 .amazingaudioplayer-track-item:after { \tdisplay: none; }  #wonderpluginaudio-96 ul, #wonderpluginaudio-96 li { \tlist-style-type: none; }  #wonderpluginaudio-96 .amazingaudioplayer-tracklistsearch { \tbox-sizing: border-box; \tpadding: 4px; }  #wonderpluginaudio-96 .amazingaudioplayer-tracklistsearch-input { \tbox-sizing: border-box; \twidth: 100%; }\");<\/script><\/p>\t\t\t\t\t\t\t\t<\/div>\n\t\t\t\t<\/div>\n\t\t\t\t\t<\/div>\n\t\t<\/div>\n\t\t\t\t<div class=\"elementor-column elementor-col-50 elementor-top-column elementor-element elementor-element-a74573f\" data-id=\"a74573f\" data-element_type=\"column\">\n\t\t\t<div class=\"elementor-widget-wrap\">\n\t\t\t\t\t\t\t<\/div>\n\t\t<\/div>\n\t\t\t\t\t<\/div>\n\t\t<\/section>\n\t\t\t\t<section class=\"elementor-section elementor-top-section elementor-element elementor-element-739d1eb elementor-section-boxed elementor-section-height-default elementor-section-height-default\" data-id=\"739d1eb\" data-element_type=\"section\">\n\t\t\t\t\t\t<div class=\"elementor-container elementor-column-gap-default\">\n\t\t\t\t\t<div class=\"elementor-column elementor-col-100 elementor-top-column elementor-element elementor-element-3f53426\" data-id=\"3f53426\" data-element_type=\"column\">\n\t\t\t<div class=\"elementor-widget-wrap elementor-element-populated\">\n\t\t\t\t\t\t<div class=\"elementor-element elementor-element-f70d6a8 elementor-widget elementor-widget-text-editor\" data-id=\"f70d6a8\" data-element_type=\"widget\" data-widget_type=\"text-editor.default\">\n\t\t\t\t<div class=\"elementor-widget-container\">\n\t\t\t\t\t\t\t\t\t<p><b><span style=\"font-size: 10pt;\">Von fr\u00fch bis sp\u00e4t<\/span><\/b><\/p>\n<p><span style=\"font-size: 10pt;\">Early and late works by Cage, Duchamp, Liszt, and Satie<\/span><\/p>\n<p><span style=\"font-size: 10pt;\">Early and late work periods sometimes offer unexpected surprises, revealing artistic perspectives which exceed the commonly known \u2018repertoire\u2019. They may lead into creative borderland, exposing historical interconnections or anticipating future developments, and thus often stand in opposition to the common taste and aesthetic understanding of the respective time period. Their utter importance may only be evaluated in retrospect, from a certain distance. VON FR\u00dcH BIS SP\u00c4T is dedicated to such works by John Cage, Marcel Duchamp, Franz Liszt and Erik Satie. The concert itself is turned into an experiment, including a small quiz for the unsuspecting audience: initially, the order of the presented pieces is not revealed, the entire programme being presented without any breaks. The listeners are merely provided with the names of the included composers, and are asked to guess the correct order. At the end of the evening, three winners are determined who each are rewarded a coupon for the book SUAL X (which will document the ten-year history of shut up and listen! and is scheduled to be published in 2017).<\/span><\/p>\n<p><span style=\"font-size: 10pt;\">[Bernhard G\u00e1l]<\/span><\/p>\t\t\t\t\t\t\t\t<\/div>\n\t\t\t\t<\/div>\n\t\t\t\t\t<\/div>\n\t\t<\/div>\n\t\t\t\t\t<\/div>\n\t\t<\/section>\n\t\t\t\t<section class=\"elementor-section elementor-top-section elementor-element elementor-element-93ae38b elementor-section-boxed elementor-section-height-default elementor-section-height-default\" data-id=\"93ae38b\" data-element_type=\"section\">\n\t\t\t\t\t\t<div class=\"elementor-container elementor-column-gap-default\">\n\t\t\t\t\t<div class=\"elementor-column elementor-col-100 elementor-top-column elementor-element elementor-element-22ae35d\" data-id=\"22ae35d\" data-element_type=\"column\">\n\t\t\t<div class=\"elementor-widget-wrap elementor-element-populated\">\n\t\t\t\t\t\t<div class=\"elementor-element elementor-element-45442df elementor-widget elementor-widget-text-editor\" data-id=\"45442df\" data-element_type=\"widget\" data-widget_type=\"text-editor.default\">\n\t\t\t\t<div class=\"elementor-widget-container\">\n\t\t\t\t\t\t\t\t\t<p><b><span style=\"font-size: 10pt;\">Manon-Liu Winter<\/span><\/b><\/p><p><span style=\"font-size: 10pt;\">Shifting focus to contemporary music and free improvisation led to a period of intense experimentation with the instrument for expanding the piano sound and technical capabilities \u2013 various preparations, string piano, the inside\/outside of the corpus, ways of amplifying. Frequent participation at important festivals for contemporary music, e.g. \u201cOesterreich Heute\/ Hoergaenge\u201d, \u201cWIEN MODERN\u201d Konzerthaus Wien, V:NM-Festival Graz, \u201cEnsemble of the 20th Century\u201d at the Salzburg Festival, \u201cTON:ART\u201d Bern, Ulrichsberg Kaleidophon, Studio akustische Kunst K\u00f6ln, Germany, and many others. The recent repertoire includes works of Earle Brown, Pierre Boulez, John Cage, Henry Cowell, Morton Feldman, Philip Glass, Mauricio Kagel, Gy\u00f6rgy Kurt\u00e1g, Helmut Lachenmann, Gy\u00f6rgy Ligeti, Stephen Montague, Steve Reich, Dieter Schnebel, Karlheinz Stockhausen, Galina Ustwolskaja; and of Austrian composers Christian Ofenbauer, Alexander Stankovski, Katharina Klement, Peter Ablinger, Konrad Rennert, Olga Neuwirth, Hannes Raffaseder, Nader Mashajekhy, Erich Urbanner, Rudolf Jungwirth, Klaus Hollinetz, Friedrich Cerha, Gerhard E. Winkler, etc. In the field of improvisation collaborations with the musicians Christian Wolff, John Tilbury, Jon Rose, Veryan Weston, Otomo Yoshihide, Peter Herbert, Franz Hautzinger, Burkhard Stangl, Radu Malfatti, Cordula Boesze, Andrea Neumann, Josef Novotny, Christoph Kurzmann, Axel D\u00f6rner and others. Career as soloist and chamber musician, specializing both in music of the classical and modern periods and being in contact with composers such as Luca Lombardi, Christian Ofenbauer, Mayako Kubo and John Cage. Recitals in France, Germany, Great Britain, Hungary, Italy, Norway, Slovenia, Switzerland, Spain and throughout Austria. Collaborations with members of the Vienna Philharmonics, Haydn Sinfonietta, Jeunesse Orchestra, Vienna Chamber Orchestra. Professor for piano performance, piano pedagogy, specialists\u2019 class \u201cImprovisation &amp; New Developments in Contemporary Music\u201d at the University of Music and Performing Arts, Vienna.<\/span><\/p><p><a href=\"http:\/\/www.manonliuwinter.at\" target=\"_blank\" rel=\"noopener\"><strong><span style=\"font-size: 10pt;\">http:\/\/www.manonliuwinter.at<\/span><\/strong><\/a><\/p><p><span style=\"font-size: 10pt;\">[info as of 12\/2016]<\/span><\/p>\t\t\t\t\t\t\t\t<\/div>\n\t\t\t\t<\/div>\n\t\t\t\t\t<\/div>\n\t\t<\/div>\n\t\t\t\t\t<\/div>\n\t\t<\/section>\n\t\t\t\t<\/div>\n\t\t","protected":false},"excerpt":{"rendered":"<p>SUAL Archives | 2016 Von fr\u00fch bis sp\u00e4t \u2014 works by John Cage, Marcel Duchamp, Franz Liszt and Erik Satie &hellip; <span class=\"more-button\"><a href=\"https:\/\/www.sual-archives.net\/css\/sual-archives\/2016-2\/von-fruh-bis-spat\/\" class=\"more-link\">Continue Reading<span class=\"screen-reader-text\">Von fr\u00fch bis sp\u00e4t<\/span><\/a><\/span><\/p>\n","protected":false},"author":1,"featured_media":2105,"parent":108,"menu_order":0,"comment_status":"closed","ping_status":"closed","template":"","meta":{"footnotes":""},"folder":[],"class_list":["post-1508","page","type-page","status-publish","has-post-thumbnail","hentry"],"amp_enabled":true,"_links":{"self":[{"href":"https:\/\/www.sual-archives.net\/css\/wp-json\/wp\/v2\/pages\/1508","targetHints":{"allow":["GET"]}}],"collection":[{"href":"https:\/\/www.sual-archives.net\/css\/wp-json\/wp\/v2\/pages"}],"about":[{"href":"https:\/\/www.sual-archives.net\/css\/wp-json\/wp\/v2\/types\/page"}],"author":[{"embeddable":true,"href":"https:\/\/www.sual-archives.net\/css\/wp-json\/wp\/v2\/users\/1"}],"replies":[{"embeddable":true,"href":"https:\/\/www.sual-archives.net\/css\/wp-json\/wp\/v2\/comments?post=1508"}],"version-history":[{"count":4,"href":"https:\/\/www.sual-archives.net\/css\/wp-json\/wp\/v2\/pages\/1508\/revisions"}],"predecessor-version":[{"id":2123,"href":"https:\/\/www.sual-archives.net\/css\/wp-json\/wp\/v2\/pages\/1508\/revisions\/2123"}],"up":[{"embeddable":true,"href":"https:\/\/www.sual-archives.net\/css\/wp-json\/wp\/v2\/pages\/108"}],"wp:featuredmedia":[{"embeddable":true,"href":"https:\/\/www.sual-archives.net\/css\/wp-json\/wp\/v2\/media\/2105"}],"wp:attachment":[{"href":"https:\/\/www.sual-archives.net\/css\/wp-json\/wp\/v2\/media?parent=1508"}],"wp:term":[{"taxonomy":"folder","embeddable":true,"href":"https:\/\/www.sual-archives.net\/css\/wp-json\/wp\/v2\/folder?post=1508"}],"curies":[{"name":"wp","href":"https:\/\/api.w.org\/{rel}","templated":true}]}}