{"id":1309,"date":"2019-03-29T10:07:26","date_gmt":"2019-03-29T09:07:26","guid":{"rendered":"http:\/\/www.samoizbor.me\/css\/?page_id=1309"},"modified":"2019-04-05T16:19:42","modified_gmt":"2019-04-05T14:19:42","slug":"gunter-schneider-barbara-romen","status":"publish","type":"page","link":"https:\/\/www.sual-archives.net\/css\/sual-archives\/2013-2\/gunter-schneider-barbara-romen\/","title":{"rendered":"Gunter Schneider &#038; Barbara Romen"},"content":{"rendered":"\t\t<div data-elementor-type=\"wp-post\" data-elementor-id=\"1309\" class=\"elementor elementor-1309\" data-elementor-post-type=\"page\">\n\t\t\t\t\t\t<section class=\"elementor-section elementor-top-section elementor-element elementor-element-ef17770 elementor-section-boxed elementor-section-height-default elementor-section-height-default\" data-id=\"ef17770\" data-element_type=\"section\">\n\t\t\t\t\t\t<div class=\"elementor-container elementor-column-gap-default\">\n\t\t\t\t\t<div class=\"elementor-column elementor-col-100 elementor-top-column elementor-element elementor-element-ec62a78\" data-id=\"ec62a78\" data-element_type=\"column\">\n\t\t\t<div class=\"elementor-widget-wrap elementor-element-populated\">\n\t\t\t\t\t\t<div class=\"elementor-element elementor-element-de449b2 elementor-widget elementor-widget-text-editor\" data-id=\"de449b2\" data-element_type=\"widget\" data-widget_type=\"text-editor.default\">\n\t\t\t\t<div class=\"elementor-widget-container\">\n\t\t\t\t\t\t\t\t\t<p><b>SUAL Archives | 2013<\/b><\/p><p><b>Gunter Schneider &amp; Barbara Romen:<\/b> <i>Im Rohr<\/i><\/p><p><span style=\"font-size: 10pt;\">Duration: \u00a0\u00a0 \u00a025\u201833\u201c<\/span><br \/><span style=\"font-size: 10pt;\">Type:\u00a0\u00a0 \u00a0\u00a0\u00a0 \u00a0\u00a0\u00a0\u00a0\u00a0 Recorded live at SUAL 2013<\/span><br \/><span style=\"font-size: 10pt;\">Credits:\u00a0\u00a0 \u00a0\u00a0\u00a0\u00a0 Audio recording by JF, editing by GS<\/span><\/p>\t\t\t\t\t\t\t\t<\/div>\n\t\t\t\t<\/div>\n\t\t\t\t\t<\/div>\n\t\t<\/div>\n\t\t\t\t\t<\/div>\n\t\t<\/section>\n\t\t\t\t<section class=\"elementor-section elementor-top-section elementor-element elementor-element-b19e527 elementor-section-boxed elementor-section-height-default elementor-section-height-default\" data-id=\"b19e527\" data-element_type=\"section\">\n\t\t\t\t\t\t<div class=\"elementor-container elementor-column-gap-default\">\n\t\t\t\t\t<div class=\"elementor-column elementor-col-50 elementor-top-column elementor-element elementor-element-e8fc9e2\" data-id=\"e8fc9e2\" data-element_type=\"column\">\n\t\t\t<div class=\"elementor-widget-wrap elementor-element-populated\">\n\t\t\t\t\t\t<div class=\"elementor-element elementor-element-f6290eb elementor-widget elementor-widget-text-editor\" data-id=\"f6290eb\" data-element_type=\"widget\" data-widget_type=\"text-editor.default\">\n\t\t\t\t<div class=\"elementor-widget-container\">\n\t\t\t\t\t\t\t\t\t<p><div class=\"wonderpluginaudio\" id=\"wonderpluginaudio-66\" data-audioplayerid=\"66\" data-width=\"600\" data-height=\"600\" data-skin=\"bartitle\" data-progressinbar=\"true\" data-showinfo=\"false\" data-showimage=\"false\" data-autoplay=\"false\" data-random=\"false\" data-autoresize=\"true\" data-responsive=\"false\" data-showtracklist=\"false\" data-tracklistscroll=\"true\" data-showprogress=\"true\" data-showprevnext=\"true\" data-showloop=\"true\" data-preloadaudio=\"true\" data-showtracklistsearch=\"false\" data-saveposincookie=\"false\" data-showtime=\"true\" data-showvolume=\"true\" data-showvolumebar=\"true\" data-showliveplayedlist=\"false\" data-showtitleinbar=\"true\" data-showloading=\"false\" data-enablega=\"false\" data-titleinbarscroll=\"true\" data-donotinit=\"false\" data-addinitscript=\"false\" data-imagewidth=\"100\" data-imageheight=\"100\" data-loop=\"1\" data-tracklistitem=\"10\" data-titleinbarwidth=\"150\" data-gatrackingid=\"\" data-playbackrate=\"1\" data-playpauseimage=\"playpause-24-24-0.png\" data-playpauseimagewidth=\"24\" data-playpauseimageheight=\"24\" data-cookiehours=\"240\" data-prevnextimage=\"prevnext-24-24-0.png\" data-prevnextimagewidth=\"24\" data-prevnextimageheight=\"24\" data-volumeimage=\"volume-24-24-0.png\" data-volumeimagewidth=\"24\" data-volumeimageheight=\"24\" data-liveupdateinterval=\"10000\" data-maxplayedlist=\"8\" data-playedlisttitle=\"Last Tracks Played\" data-loopimage=\"loop-24-24-0.png\" data-loopimagewidth=\"24\" data-loopimageheight=\"24\" data-infoformat=\"By %ARTIST% %ALBUM%&lt;br \/&gt;%INFO%\" data-tracklistscroll=\"false\" data-jsfolder=\"https:\/\/www.sual-archives.net\/css\/wp-content\/plugins\/wonderplugin-audio\/engine\/\" style=\"display:block;position:relative;margin:0 auto;width:100%;max-width:600px;height:auto;\"><ul class=\"amazingaudioplayer-audios\" style=\"display:none;\"><li data-artist=\"Gunter Schneider &amp; Barbara Romen\" data-title=\"SUAL13 | Gunter Schneider &amp; Barbara Romen: Im Rohr\" data-album=\"SUAL13\" data-info=\"SUAL13 | Gunter Schneider &amp; Barbara Romen: Im Rohr\" data-image=\"http:\/\/www.samoizbor.me\/css\/wp-includes\/images\/media\/audio.png\" data-duration=\"1533\"><div class=\"amazingaudioplayer-source\" data-src=\"http:\/\/www.sual-archives.net\/css\/wp-content\/uploads\/awp-mp3\/sual13_romen-schneider_im rohr.mp3\" data-type=\"audio\/mpeg\" ><\/div><\/li><\/ul><\/div><script>function wonderaudio_66_appendcss(csscode) {var head=document.head || document.getElementsByTagName(\"head\")[0];var style=document.createElement(\"style\");head.appendChild(style);style.type=\"text\/css\";if (style.styleSheet){style.styleSheet.cssText=csscode;} else {style.appendChild(document.createTextNode(csscode));}};wonderaudio_66_appendcss(\"@import url(https:\/\/fonts.googleapis.com\/css?family=Open+Sans|Oswald);  #wonderpluginaudio-66 { \tbox-sizing: content-box; }  #wonderpluginaudio-66 div { \t-webkit-box-sizing: content-box; \t-moz-box-sizing: content-box; \tbox-sizing: content-box;    }  #wonderpluginaudio-66 .amazingaudioplayer-image { \tdisplay: block; \tposition: relative; \tfloat: left; \tmargin: 4px; \toverflow: hidden; \t-webkit-box-shadow: 0 8px 6px -6px black; \t-moz-box-shadow: 0 8px 6px -6px black; \tbox-shadow: 0 8px 6px -6px black; \t-webkit-border-radius: 4px;     \t-moz-border-radius: 4px;     \tborder-radius: 4px; }  #wonderpluginaudio-66 .amazingaudioplayer-image-clear { }  #wonderpluginaudio-66 .amazingaudioplayer-text { \tdisplay: block; \tposition: relative; \toverflow: hidden; \tpadding: 4px 12px; \theight: auto; }  #wonderpluginaudio-66 .amazingaudioplayer-text-clear { \tclear: both; \theight: 8px; }  #wonderpluginaudio-66 .amazingaudioplayer-title { \tdisplay: block; \tcolor: #333; \tfont-family: \\\"Oswald\\\",Arial,sans-serif; \tfont-size: 20px; \tfont-weight: bold; }  #wonderpluginaudio-66 .amazingaudioplayer-title-clear { }  #wonderpluginaudio-66 .amazingaudioplayer-info { \tdisplay: block; \tdisplay: block; \tcolor: #666; \tfont-family: Arial, sans-serif; \tfont-size: 12px; \tfont-style: italic; }  #wonderpluginaudio-66 .amazingaudioplayer-info-clear { }  #wonderpluginaudio-66 .amazingaudioplayer-bar { \tbackground-color: #333; \tmargin: 4px; \tborder: 1px solid #222; \t-webkit-border-radius: 2px; \t-moz-border-radius: 2px; \tborder-radius: 2px; \t-webkit-box-shadow: inset 0 1px 0 rgba( 255, 255, 255, 0.15 ), 0 0 3px rgba( 0, 0, 0, 0.5 ); \t-moz-box-shadow: inset 0 1px 0 rgba( 255, 255, 255, 0.15 ), 0 0 3px rgba( 0, 0, 0, 0.5 ); \tbox-shadow: inset 0 1px 0 rgba( 255, 255, 255, 0.15 ), 0 0 3px rgba( 0, 0, 0, 0.5 ); \tbackground-image: -ms-linear-gradient(top, #444444 0%, #222222 100%); \tbackground-image: -moz-linear-gradient(top, #444444 0%, #222222 100%); \tbackground-image: -o-linear-gradient(top, #444444 0%, #222222 100%); \tbackground-image: -webkit-gradient(linear, left top, left bottom, color-stop(0, #444444), color-stop(1, #222222)); \tbackground-image: -webkit-linear-gradient(top, #444444 0%, #222222 100%);  \tbackground-image: linear-gradient(to bottom, #444444 0%, #222222 100%); }  #wonderpluginaudio-66 .amazingaudioplayer-bar-buttons-clear { \tclear: both; }  #wonderpluginaudio-66 .amazingaudioplayer-bar-clear { }  #wonderpluginaudio-66 .amazingaudioplayer-bar-title { \tposition: relative; \tfloat: left; \tcolor: #eee; \tfont-family: \\\"Open Sans\\\", sans-serif; \tfont-size: 12px; \tline-height: 24px; \tmargin: 0 8px; }  #wonderpluginaudio-66 .amazingaudioplayer-playpause { \tposition: relative; \tfloat: left; }  #wonderpluginaudio-66 .amazingaudioplayer-play { \tposition: relative; }  #wonderpluginaudio-66 .amazingaudioplayer-pause { \tposition: relative; }  #wonderpluginaudio-66 .amazingaudioplayer-stop { \tposition: relative; \tfloat: left; }  #wonderpluginaudio-66 .amazingaudioplayer-prev { \tposition: relative; \tfloat: left; }  #wonderpluginaudio-66 .amazingaudioplayer-next { \tposition: relative; \tfloat: left; }  #wonderpluginaudio-66 .amazingaudioplayer-loop { \tposition: relative; \tfloat: left; \tmargin: 0 2px; }  #wonderpluginaudio-66 .amazingaudioplayer-progress { \tposition: relative; \tbackground-color: #222; \t-webkit-box-shadow: -1px -1px 0 rgba( 0, 0, 0, 0.5 ), 1px 1px 0 rgba( 255, 255, 255, 0.1 ); \t-moz-box-shadow: -1px -1px 0 rgba( 0, 0, 0, 0.5 ), 1px 1px 0 rgba( 255, 255, 255, 0.1 ); \tbox-shadow: -1px -1px 0 rgba( 0, 0, 0, 0.5 ), 1px 1px 0 rgba( 255, 255, 255, 0.1 ); \tmargin: 8px 4px; \t-webkit-border-radius: 4px; \t-moz-border-radius: 4px; \tborder-radius: 4px; }  #wonderpluginaudio-66 .amazingaudioplayer-progress-loaded { \tbackground-color: #444; \t-webkit-border-radius: 4px; \t-moz-border-radius: 4px; \tborder-radius: 4px; }  #wonderpluginaudio-66 .amazingaudioplayer-progress-played { \t-webkit-border-radius: 4px; \t-moz-border-radius: 4px; \tborder-radius: 4px; \tbackground-color: #fcc500; \tbackground-image: -ms-linear-gradient(top, #fede00 0%, #fcc500 100%); \tbackground-image: -moz-linear-gradient(top, #fede00 0%, #fcc500 100%); \tbackground-image: -o-linear-gradient(top, #fede00 0%, #fcc500 100%); \tbackground-image: -webkit-gradient(linear, left top, left bottom, color-stop(0, #fede00), color-stop(1, #fcc500)); \tbackground-image: -webkit-linear-gradient(top, #fede00 0%, #fcc500 100%);  \tbackground-image: linear-gradient(to bottom, #fede00 0%, #fcc500 100%); }  #wonderpluginaudio-66 .amazingaudioplayer-time { \tposition: relative; \tfloat: right; \tcolor: #fff; \tfont-family: \\\"Open Sans\\\", sans-serif; \tfont-size: 12px; \ttext-shadow: 1px 1px 0 #000; \tline-height: 24px; \tmargin: 0 4px; }  #wonderpluginaudio-66 .amazingaudioplayer-volume { \tposition: relative; \tfloat: right; }  #wonderpluginaudio-66 .amazingaudioplayer-volume-bar { \tbackground-color: #333; \tborder: none; \t-webkit-border-radius: 4px; \t-moz-border-radius: 4px; \tborder-radius: 4px; \t-webkit-box-shadow: inset 0 1px 0 rgba( 255, 255, 255, 0.15 ), 0 0 3px rgba( 0, 0, 0, 0.5 ); \t-moz-box-shadow: inset 0 1px 0 rgba( 255, 255, 255, 0.15 ), 0 0 3px rgba( 0, 0, 0, 0.5 ); \tbox-shadow: inset 0 1px 0 rgba( 255, 255, 255, 0.15 ), 0 0 3px rgba( 0, 0, 0, 0.5 ); \tbackground-image: -ms-linear-gradient(top, #444444 0%, #111111 100%); \tbackground-image: -moz-linear-gradient(top, #444444 0%, #111111 100%); \tbackground-image: -o-linear-gradient(top, #444444 0%, #111111 100%); \tbackground-image: -webkit-gradient(linear, left top, left bottom, color-stop(0, #444444), color-stop(1, #111111)); \tbackground-image: -webkit-linear-gradient(top, #444444 0%, #111111 100%); \tbackground-image: linear-gradient(to bottom, #444444 0%, #111111 100%); }  #wonderpluginaudio-66 .amazingaudioplayer-volume-bar-adjust { \tbackground-color: #222; \t-webkit-box-shadow: -1px -1px 0 rgba( 0, 0, 0, 0.5 ), 1px 1px 0 rgba( 255, 255, 255, 0.1 ); \t-moz-box-shadow: -1px -1px 0 rgba( 0, 0, 0, 0.5 ), 1px 1px 0 rgba( 255, 255, 255, 0.1 ); \tbox-shadow: -1px -1px 0 rgba( 0, 0, 0, 0.5 ), 1px 1px 0 rgba( 255, 255, 255, 0.1 ); }  #wonderpluginaudio-66 .amazingaudioplayer-volume-bar-adjust-active { \tbackground-color: #fcc500; \t-webkit-box-shadow: inset 0 0 5px rgba( 255, 255, 255, 0.5 ); \t-moz-box-shadow: inset 0 0 5px rgba( 255, 255, 255, 0.5 ); \tbox-shadow: inset 0 0 5px rgba( 255, 255, 255, 0.5 ); }  #wonderpluginaudio-66 .amazingaudioplayer-tracklist { \tdisplay: block; \tposition: relative; }  #wonderpluginaudio-66 .amazingaudioplayer-tracklist-container { \tdisplay: block; \tposition: relative; \tbackground-color: #333; \tborder: 1px solid #222; \t-webkit-border-radius: 2px;     -moz-border-radius: 2px;     border-radius: 2px; \tmargin: 4px; \tpadding: 12px 12px 16px; \t-webkit-box-shadow: inset 0 1px 0 rgba( 255, 255, 255, 0.15 ), 0 0 3px rgba( 0, 0, 0, 0.5 ); \t-moz-box-shadow: inset 0 1px 0 rgba( 255, 255, 255, 0.15 ), 0 0 3px rgba( 0, 0, 0, 0.5 ); \tbox-shadow: inset 0 1px 0 rgba( 255, 255, 255, 0.15 ), 0 0 3px rgba( 0, 0, 0, 0.5 ); \tbackground-image: -ms-linear-gradient(top, #444444 0%, #111111 100%); \tbackground-image: -moz-linear-gradient(top, #444444 0%, #111111 100%); \tbackground-image: -o-linear-gradient(top, #444444 0%, #111111 100%); \tbackground-image: -webkit-gradient(linear, left top, left bottom, color-stop(0, #444444), color-stop(1, #111111)); \tbackground-image: -webkit-linear-gradient(top, #444444 0%, #111111 100%); \tbackground-image: linear-gradient(to bottom, #444444 0%, #111111 100%); }  #wonderpluginaudio-66 .amazingaudioplayer-tracks-wrapper { \tposition: relative; }  #wonderpluginaudio-66 .amazingaudioplayer-tracks { \tposition: relative; \tlist-style-type: none; \tmargin: 0; \tpadding: 0; }  #wonderpluginaudio-66 .amazingaudioplayer-track-item { \tlist-style-type: none; \tposition: relative; \tcursor: pointer; \tcolor: #999; \tfont-family: \\\"Open Sans\\\", Arial, sans-serif; \tfont-size: 12px; \ttext-shadow: 0 1px 1px rgba(0, 0, 0, 0.6); \tline-height: 22px; \tmargin: 0; \tpadding: 0; \ttext-align: left; }  #wonderpluginaudio-66 .amazingaudioplayer-track-item-active { \tcursor: pointer; \tcolor: #fff; }  #wonderpluginaudio-66 .amazingaudioplayer-track-item a { \tcolor: #999;     text-decoration: none; }  #wonderpluginaudio-66 .amazingaudioplayer-track-item-active a { \tcolor: #fff;     text-decoration: none; }  #wonderpluginaudio-66 .amazingaudioplayer-track-item-duration { \tposition: absolute; \ttop: 0; \tright: 0; }  #wonderpluginaudio-66 .amazingaudioplayer-tracklist-arrow-prev { \tposition: absolute; \tbottom: 2px; \tleft: 50%; \tmargin-left: -64px; }  #wonderpluginaudio-66 .amazingaudioplayer-tracklist-arrow-next { \tposition: absolute; \tbottom: 2px; \tleft: 50%; \tmargin-left: 16px; }  #wonderpluginaudio-66 .amazingaudioplayer-tracklist-clear { \tclear: both; }  #wonderpluginaudio-66 .amazingaudioplayer-item-id { \tfloat: left; \twidth: 18px; }  #wonderpluginaudio-66 .amazingaudioplayer-item-info { \tfloat: right; \twidth: 36px; }  #wonderpluginaudio-66 .amazingaudioplayer-item-title { \toverflow: hidden; }  #wonderpluginaudio-66 .amazingaudioplayer-track-item:before, #wonderpluginaudio-66 .amazingaudioplayer-track-item:after { \tdisplay: none; }  #wonderpluginaudio-66 ul, #wonderpluginaudio-66 li { \tlist-style-type: none; }  #wonderpluginaudio-66 .amazingaudioplayer-tracklistsearch { \tbox-sizing: border-box; \tpadding: 4px; }  #wonderpluginaudio-66 .amazingaudioplayer-tracklistsearch-input { \tbox-sizing: border-box; \twidth: 100%; }\");<\/script><\/p>\t\t\t\t\t\t\t\t<\/div>\n\t\t\t\t<\/div>\n\t\t\t\t\t<\/div>\n\t\t<\/div>\n\t\t\t\t<div class=\"elementor-column elementor-col-50 elementor-top-column elementor-element elementor-element-74a9335\" data-id=\"74a9335\" data-element_type=\"column\">\n\t\t\t<div class=\"elementor-widget-wrap\">\n\t\t\t\t\t\t\t<\/div>\n\t\t<\/div>\n\t\t\t\t\t<\/div>\n\t\t<\/section>\n\t\t\t\t<section class=\"elementor-section elementor-top-section elementor-element elementor-element-2f09a70 elementor-section-boxed elementor-section-height-default elementor-section-height-default\" data-id=\"2f09a70\" data-element_type=\"section\">\n\t\t\t\t\t\t<div class=\"elementor-container elementor-column-gap-default\">\n\t\t\t\t\t<div class=\"elementor-column elementor-col-100 elementor-top-column elementor-element elementor-element-813da04\" data-id=\"813da04\" data-element_type=\"column\">\n\t\t\t<div class=\"elementor-widget-wrap elementor-element-populated\">\n\t\t\t\t\t\t<div class=\"elementor-element elementor-element-0a2027d elementor-widget elementor-widget-text-editor\" data-id=\"0a2027d\" data-element_type=\"widget\" data-widget_type=\"text-editor.default\">\n\t\t\t\t<div class=\"elementor-widget-container\">\n\t\t\t\t\t\t\t\t\t<p><b><span style=\"font-size: 10pt;\">Im Rohr<\/span><\/b><br><span style=\"font-size: 10pt;\">&nbsp;<\/span><br><span style=\"font-size: 10pt;\">Zwei Musiker auf der B\u00fchne erzeugen leise instrumentale Kl\u00e4nge. Damit werden zwei verschieden lange Kartonrohre in Art der fr\u00fcher in Aufnahmestudios gebr\u00e4uchlichen Hallkammern beschallt: An einem Ende schickt ein spezieller Lautsprecher die Kl\u00e4nge in das Rohr, am anderen Ende werden die modifizierten Kl\u00e4nge mit einem Mikrophon wieder aufgenommen. Die derart eingef\u00e4rbten instrumentalen Kl\u00e4nge werden verst\u00e4rkt und wirken im Sinn einer psychoakustischen Wahrnehmungsschleife auf die Entstehung der folgenden Instrumentalkl\u00e4nge ein. Wo f\u00fchrt das hin? H\u00f6ren Sie selbst!<\/span><span style=\"font-size: 10pt;\"><br><\/span><\/p><p><span style=\"font-size: 10pt;\">Gunter Schneider<\/span><\/p>\n<p><span style=\"font-size: 10pt;\">[info as of 11\/2013]<\/span><\/p>\t\t\t\t\t\t\t\t<\/div>\n\t\t\t\t<\/div>\n\t\t\t\t\t<\/div>\n\t\t<\/div>\n\t\t\t\t\t<\/div>\n\t\t<\/section>\n\t\t\t\t<section class=\"elementor-section elementor-top-section elementor-element elementor-element-457de32 elementor-section-boxed elementor-section-height-default elementor-section-height-default\" data-id=\"457de32\" data-element_type=\"section\">\n\t\t\t\t\t\t<div class=\"elementor-container elementor-column-gap-default\">\n\t\t\t\t\t<div class=\"elementor-column elementor-col-100 elementor-top-column elementor-element elementor-element-20b0e65\" data-id=\"20b0e65\" data-element_type=\"column\">\n\t\t\t<div class=\"elementor-widget-wrap elementor-element-populated\">\n\t\t\t\t\t\t<div class=\"elementor-element elementor-element-f3909e6 elementor-widget elementor-widget-text-editor\" data-id=\"f3909e6\" data-element_type=\"widget\" data-widget_type=\"text-editor.default\">\n\t\t\t\t<div class=\"elementor-widget-container\">\n\t\t\t\t\t\t\t\t\t<p><b><span style=\"font-size: 10pt;\">Gunter Schneider &amp; Barbara Romen<\/span><\/b><\/p><p><span style=\"font-size: 10pt;\">started their professional collaboration in 1990, from that year on they have been married, too. From the beginning, contemporary music has been the central aim of their work. Excursions led to baroque sonatas for salterio (Hackbrett, beaten dulcimer) and basso continuo. Aside of main repertoire works for guitar duo (Lachenmann, Kubo, but as well Brouwer and Gnattali) a lot of works were specially composed for them, by composers like Klaus Ager, Gerold Amann, Martin Daske, Fernando Grillo, Radu Malfatti, and Burkhard Stangl. Besides, they have been developing music of their own, both for \u201edulcimer \u00e0 due\u201c (performed on one traditional Tyrolean diatonic dulcimer), and for chromatic tenor-dulcimer and various guitars. The cd \u201eTraditional Alpine Music from the 22nd Century\u201c was released in 2007.<\/span><\/p><p><span style=\"font-size: 10pt;\">Together they worked in different projects, a.o. \u201ehere comes the sun\u201c with Berlin based clarinet multiphoner Kai Fagaschinski, music for dance (e.g. with Japanese choreographer and dancer Saburo Teshigawara), music for radio plays, various improvisation groups, among others \u201eharsch\u201c with Burkhard Stangl and Christof Kurzmann, together with Japanese musicians Sugimoto Taku, Akiyama Tetuzi, and Unami Taku, a project with stone sculptures by Tyrolean sculptor Kassian Erhart, named \u201etracking stones\u2019 voices\u201c (ORF-SACD), and \u201eklopfzeichen\/klangschnitte\u201c with Japanese and Austrian printmakers and musicians. They are probably best known for their interpretation of Lachenmann\u2019s \u201eSalut fuer Caudwell\u201c (cd durian 018-2, booklet on the internet)), which they as well have been touring in a music theatre project conceived by choreographer Xavier Le Roy since 2005 (\u201eMouvements for Lachenmann\u201c and \u201eMore Mouvements for Lachenmann\u201c). In 2009 the formed the experimental house music project \u201equadrat:sch\u201c together with composer and looped-zither virtuoso Christof Dienz and his wife, double bass player Alexandra Dienz.<\/span><\/p><p><a href=\"https:\/\/schneider.klingt.org\/projects\/romen-schneider\" target=\"_blank\" rel=\"noopener\"><strong><span style=\"font-size: 10pt;\">https:\/\/schneider.klingt.org\/projects\/romen-schneider<\/span><\/strong><\/a><\/p><p><span style=\"font-size: 10pt;\">[info as of 12\/2009]<\/span><\/p>\t\t\t\t\t\t\t\t<\/div>\n\t\t\t\t<\/div>\n\t\t\t\t\t<\/div>\n\t\t<\/div>\n\t\t\t\t\t<\/div>\n\t\t<\/section>\n\t\t\t\t<\/div>\n\t\t","protected":false},"excerpt":{"rendered":"<p>SUAL Archives | 2013 Gunter Schneider &amp; Barbara Romen: Im Rohr Duration: &nbsp;&nbsp; &nbsp;25\u201833\u201c Type:&nbsp;&nbsp; &nbsp;&nbsp;&nbsp; &nbsp;&nbsp;&nbsp;&nbsp;&nbsp; Recorded live at &hellip; <span class=\"more-button\"><a href=\"https:\/\/www.sual-archives.net\/css\/sual-archives\/2013-2\/gunter-schneider-barbara-romen\/\" class=\"more-link\">Continue Reading<span class=\"screen-reader-text\">Gunter Schneider &#038; Barbara Romen<\/span><\/a><\/span><\/p>\n","protected":false},"author":1,"featured_media":2057,"parent":311,"menu_order":0,"comment_status":"closed","ping_status":"closed","template":"","meta":{"footnotes":""},"folder":[],"class_list":["post-1309","page","type-page","status-publish","has-post-thumbnail","hentry"],"amp_enabled":true,"_links":{"self":[{"href":"https:\/\/www.sual-archives.net\/css\/wp-json\/wp\/v2\/pages\/1309","targetHints":{"allow":["GET"]}}],"collection":[{"href":"https:\/\/www.sual-archives.net\/css\/wp-json\/wp\/v2\/pages"}],"about":[{"href":"https:\/\/www.sual-archives.net\/css\/wp-json\/wp\/v2\/types\/page"}],"author":[{"embeddable":true,"href":"https:\/\/www.sual-archives.net\/css\/wp-json\/wp\/v2\/users\/1"}],"replies":[{"embeddable":true,"href":"https:\/\/www.sual-archives.net\/css\/wp-json\/wp\/v2\/comments?post=1309"}],"version-history":[{"count":3,"href":"https:\/\/www.sual-archives.net\/css\/wp-json\/wp\/v2\/pages\/1309\/revisions"}],"predecessor-version":[{"id":2074,"href":"https:\/\/www.sual-archives.net\/css\/wp-json\/wp\/v2\/pages\/1309\/revisions\/2074"}],"up":[{"embeddable":true,"href":"https:\/\/www.sual-archives.net\/css\/wp-json\/wp\/v2\/pages\/311"}],"wp:featuredmedia":[{"embeddable":true,"href":"https:\/\/www.sual-archives.net\/css\/wp-json\/wp\/v2\/media\/2057"}],"wp:attachment":[{"href":"https:\/\/www.sual-archives.net\/css\/wp-json\/wp\/v2\/media?parent=1309"}],"wp:term":[{"taxonomy":"folder","embeddable":true,"href":"https:\/\/www.sual-archives.net\/css\/wp-json\/wp\/v2\/folder?post=1309"}],"curies":[{"name":"wp","href":"https:\/\/api.w.org\/{rel}","templated":true}]}}